{"id":7221,"date":"2024-02-18T16:40:01","date_gmt":"2024-02-18T15:40:01","guid":{"rendered":"https:\/\/biodatadevices.com\/architecture-lifehub\/"},"modified":"2026-01-20T17:43:39","modified_gmt":"2026-01-20T16:43:39","slug":"architecture-lifehub","status":"publish","type":"page","link":"https:\/\/biodatadevices.com\/fr\/architecture-lifehub\/","title":{"rendered":"Architecture Lifehub"},"content":{"rendered":"\t\t<div data-elementor-type=\"wp-page\" data-elementor-id=\"7221\" class=\"elementor elementor-7221 elementor-4052\" data-elementor-post-type=\"page\">\n\t\t\t\t<div class=\"elementor-element elementor-element-71e2accd e-flex e-con-boxed e-con e-parent\" data-id=\"71e2accd\" data-element_type=\"container\" data-e-type=\"container\">\n\t\t\t\t\t<div class=\"e-con-inner\">\n\t\t\t\t<div class=\"elementor-element elementor-element-64e687a0 elementor-widget elementor-widget-heading\" data-id=\"64e687a0\" data-element_type=\"widget\" data-e-type=\"widget\" data-widget_type=\"heading.default\">\n\t\t\t\t\t<h2 class=\"elementor-heading-title elementor-size-default\"><strong><span style=\"color:#6FA73B\">Innovation modulaire en <\/span><span style=\"color:#1C93E3\">t\u00e9l\u00e9m\u00e9decine<\/span><\/strong><\/h2>\t\t\t\t<\/div>\n\t\t\t\t<div class=\"elementor-element elementor-element-045756a elementor-widget elementor-widget-text-editor\" data-id=\"045756a\" data-element_type=\"widget\" data-e-type=\"widget\" data-widget_type=\"text-editor.default\">\n\t\t\t\t\t\t\t\t\t<p>L\u2019architecture Lifehub est une plateforme avanc\u00e9e con\u00e7ue pour offrir des solutions de t\u00e9l\u00e9m\u00e9decine flexibles, \u00e9volutives et \u00e0 haute performance, s\u2019adaptant aux divers besoins de l\u2019environnement sanitaire moderne. Son approche modulaire fournit aux professionnels de la sant\u00e9 des outils technologiques puissants pour la surveillance, le diagnostic et la gestion des donn\u00e9es cliniques, quel que soit le contexte dans lequel se trouve le patient. <\/p>\t\t\t\t\t\t\t\t<\/div>\n\t\t\t\t\t<\/div>\n\t\t\t\t<\/div>\n\t\t<div class=\"elementor-element elementor-element-15d7c54 e-flex e-con-boxed e-con e-parent\" data-id=\"15d7c54\" data-element_type=\"container\" data-e-type=\"container\">\n\t\t\t\t\t<div class=\"e-con-inner\">\n\t\t\t\t<div class=\"elementor-element elementor-element-709aafa elementor-widget elementor-widget-heading\" data-id=\"709aafa\" data-element_type=\"widget\" data-e-type=\"widget\" data-widget_type=\"heading.default\">\n\t\t\t\t\t<h2 class=\"elementor-heading-title elementor-size-default\"><strong><span style=\"color:#6FA73B\">Flexibilit\u00e9 et \u00e9volutivit\u00e9 <\/span><span style=\"color:#1C93E3\">modulaire<\/span><\/strong><\/h2>\t\t\t\t<\/div>\n\t\t\t\t<div class=\"elementor-element elementor-element-2212a88 elementor-widget elementor-widget-text-editor\" data-id=\"2212a88\" data-element_type=\"widget\" data-e-type=\"widget\" data-widget_type=\"text-editor.default\">\n\t\t\t\t\t\t\t\t\t<p>Lifehub est construite sur un mod\u00e8le modulaire, ce qui permet d\u2019int\u00e9grer aussi bien nos sondes que celles d\u2019autres fabricants, en s\u2019ajustant aux besoins sp\u00e9cifiques de chaque environnement ou sp\u00e9cialit\u00e9 m\u00e9dicale. Cette flexibilit\u00e9 facilite la personnalisation de la station de surveillance, permettant aux professionnels de configurer le syst\u00e8me avec l\u2019ensemble des dispositifs les plus adapt\u00e9s \u00e0 chaque situation. <\/p><p>Cette capacit\u00e9 modulaire optimise non seulement les soins m\u00e9dicaux en permettant des diagnostics pr\u00e9cis en tout lieu, mais garantit \u00e9galement que le syst\u00e8me peut \u00eatre facilement mis \u00e0 jour avec de nouvelles technologies m\u00e9dicales et applications futures, offrant une voie claire vers l\u2019expansion et la modernisation continue.<\/p>\t\t\t\t\t\t\t\t<\/div>\n\t\t\t\t\t<\/div>\n\t\t\t\t<\/div>\n\t\t<div class=\"elementor-element elementor-element-e6159d1 e-flex e-con-boxed e-con e-parent\" data-id=\"e6159d1\" data-element_type=\"container\" data-e-type=\"container\">\n\t\t\t\t\t<div class=\"e-con-inner\">\n\t\t\t\t<div class=\"elementor-element elementor-element-85a40c5 elementor-widget elementor-widget-heading\" data-id=\"85a40c5\" data-element_type=\"widget\" data-e-type=\"widget\" data-widget_type=\"heading.default\">\n\t\t\t\t\t<h2 class=\"elementor-heading-title elementor-size-default\"><strong><span style=\"color:#6FA73B\">Interop\u00e9rabilit\u00e9 et connectivit\u00e9 <\/span><span style=\"color:#1C93E3\">avanc\u00e9e<\/span><\/strong><\/h2>\t\t\t\t<\/div>\n\t\t\t\t<div class=\"elementor-element elementor-element-5e8aca7 elementor-widget elementor-widget-text-editor\" data-id=\"5e8aca7\" data-element_type=\"widget\" data-e-type=\"widget\" data-widget_type=\"text-editor.default\">\n\t\t\t\t\t\t\t\t\t<p>L\u2019un des piliers fondamentaux de l\u2019architecture Lifehub est son interop\u00e9rabilit\u00e9. Lifehub s\u2019int\u00e8gre compl\u00e8tement aux syst\u00e8mes d\u2019information sanitaire existants et \u00e0 d\u2019autres plateformes de surveillance des patients, assurant une transmission fluide et s\u00e9curis\u00e9e des donn\u00e9es m\u00e9dicales en temps r\u00e9el. <\/p><p>Gr\u00e2ce \u00e0 l\u2019adoption de normes internationales d\u2019interop\u00e9rabilit\u00e9, telles que HL7 et FHIR, Lifehub peut communiquer et se synchroniser avec d\u2019autres syst\u00e8mes de sant\u00e9, garantissant que les professionnels peuvent acc\u00e9der aux informations des patients et les mettre \u00e0 jour \u00e0 tout moment et depuis n\u2019importe quel endroit.<\/p>\t\t\t\t\t\t\t\t<\/div>\n\t\t\t\t\t<\/div>\n\t\t\t\t<\/div>\n\t\t<div class=\"elementor-element elementor-element-2f8c5db e-flex e-con-boxed e-con e-parent\" data-id=\"2f8c5db\" data-element_type=\"container\" data-e-type=\"container\">\n\t\t\t\t\t<div class=\"e-con-inner\">\n\t\t\t\t<div class=\"elementor-element elementor-element-82436e1 elementor-widget elementor-widget-heading\" data-id=\"82436e1\" data-element_type=\"widget\" data-e-type=\"widget\" data-widget_type=\"heading.default\">\n\t\t\t\t\t<h2 class=\"elementor-heading-title elementor-size-default\"><strong><span style=\"color:#6FA73B\">Portabilit\u00e9 et connectivit\u00e9 <\/span><span style=\"color:#1C93E3\">flexible<\/span><\/strong><\/h2>\t\t\t\t<\/div>\n\t\t\t\t<div class=\"elementor-element elementor-element-e1c9d89 elementor-widget elementor-widget-text-editor\" data-id=\"e1c9d89\" data-element_type=\"widget\" data-e-type=\"widget\" data-widget_type=\"text-editor.default\">\n\t\t\t\t\t\t\t\t\t<p>Lifehub est con\u00e7ue pour \u00eatre utilis\u00e9e dans une large gamme d\u2019environnements, des h\u00f4pitaux aux soins \u00e0 domicile. Sa capacit\u00e9 \u00e0 fonctionner aussi bien en mode en ligne qu\u2019hors ligne permet de stocker les donn\u00e9es localement lorsqu\u2019aucune connexion n\u2019est disponible, en se synchronisant automatiquement une fois la connectivit\u00e9 r\u00e9tablie. Cela assure une attention m\u00e9dicale continue, m\u00eame dans les zones rurales ou \u00e0 faible couverture r\u00e9seau, am\u00e9liorant ainsi l\u2019accessibilit\u00e9 du syst\u00e8me dans n\u2019importe quel contexte.  <\/p>\t\t\t\t\t\t\t\t<\/div>\n\t\t\t\t\t<\/div>\n\t\t\t\t<\/div>\n\t\t<div class=\"elementor-element elementor-element-a8f847b e-flex e-con-boxed e-con e-parent\" data-id=\"a8f847b\" data-element_type=\"container\" data-e-type=\"container\">\n\t\t\t\t\t<div class=\"e-con-inner\">\n\t\t\t\t<div class=\"elementor-element elementor-element-7696589 elementor-widget elementor-widget-heading\" data-id=\"7696589\" data-element_type=\"widget\" data-e-type=\"widget\" data-widget_type=\"heading.default\">\n\t\t\t\t\t<h2 class=\"elementor-heading-title elementor-size-default\"><strong><span style=\"color:#6FA73B\">S\u00e9curit\u00e9 et conformit\u00e9 <\/span><span style=\"color:#1C93E3\">normative<\/span><\/strong><\/h2>\t\t\t\t<\/div>\n\t\t\t\t<div class=\"elementor-element elementor-element-9c115e8 elementor-widget elementor-widget-text-editor\" data-id=\"9c115e8\" data-element_type=\"widget\" data-e-type=\"widget\" data-widget_type=\"text-editor.default\">\n\t\t\t\t\t\t\t\t\t<p>Lifehub garantit la protection des donn\u00e9es au moyen de protocoles avanc\u00e9s de chiffrement et d\u2019authentification, tout en respectant les r\u00e9glementations de s\u00e9curit\u00e9 sanitaire les plus strictes. C\u2019est un produit sanitaire homologu\u00e9 de Classe IIa qui est conforme au R\u00e8glement Europ\u00e9en relatif aux Dispositifs M\u00e9dicaux (MDR). De cette mani\u00e8re, la confidentialit\u00e9 des patients est assur\u00e9e, offrant aux professionnels de la sant\u00e9 une plateforme s\u00fbre et fiable. <\/p>\t\t\t\t\t\t\t\t<\/div>\n\t\t\t\t\t<\/div>\n\t\t\t\t<\/div>\n\t\t<div class=\"elementor-element elementor-element-c4a5a2f e-flex e-con-boxed e-con e-parent\" data-id=\"c4a5a2f\" data-element_type=\"container\" data-e-type=\"container\">\n\t\t\t\t\t<div class=\"e-con-inner\">\n\t\t\t\t<div class=\"elementor-element elementor-element-0d4a31d elementor-widget elementor-widget-heading\" data-id=\"0d4a31d\" data-element_type=\"widget\" data-e-type=\"widget\" data-widget_type=\"heading.default\">\n\t\t\t\t\t<h2 class=\"elementor-heading-title elementor-size-default\"><strong><span style=\"color:#6FA73B\">Intelligence Artificielle et analyse <\/span><span style=\"color:#1C93E3\">pr\u00e9dictive<\/span><\/strong><\/h2>\t\t\t\t<\/div>\n\t\t\t\t<div class=\"elementor-element elementor-element-66d2875 elementor-widget elementor-widget-text-editor\" data-id=\"66d2875\" data-element_type=\"widget\" data-e-type=\"widget\" data-widget_type=\"text-editor.default\">\n\t\t\t\t\t\t\t\t\t<p>Avec une architecture pr\u00e9par\u00e9e pour l\u2019int\u00e9gration de services d\u2019intelligence artificielle (IA), l\u2019architecture est capable de r\u00e9aliser des analyses pr\u00e9dictives \u00e0 partir des donn\u00e9es partag\u00e9es, am\u00e9liorant ainsi les diagnostics m\u00e9dicaux. L\u2019int\u00e9gration d\u2019applications d\u2019IA permet d\u2019identifier des sch\u00e9mas de sant\u00e9 et de g\u00e9n\u00e9rer des recommandations bas\u00e9es sur des donn\u00e9es, facilitant ainsi une attention m\u00e9dicale plus personnalis\u00e9e et proactive. <\/p>\t\t\t\t\t\t\t\t<\/div>\n\t\t\t\t\t<\/div>\n\t\t\t\t<\/div>\n\t\t<div class=\"elementor-element elementor-element-f650e40 e-flex e-con-boxed e-con e-parent\" data-id=\"f650e40\" data-element_type=\"container\" data-e-type=\"container\">\n\t\t\t\t\t<div class=\"e-con-inner\">\n\t\t\t\t<div class=\"elementor-element elementor-element-47b36a4 elementor-widget elementor-widget-heading\" data-id=\"47b36a4\" data-element_type=\"widget\" data-e-type=\"widget\" data-widget_type=\"heading.default\">\n\t\t\t\t\t<h2 class=\"elementor-heading-title elementor-size-default\"><strong><span style=\"color:#6FA73B\">Syst\u00e8me con\u00e7u pour l\u2019avenir de la <\/span><span style=\"color:#1C93E3\">sant\u00e9<\/span><\/strong><\/h2>\t\t\t\t<\/div>\n\t\t\t\t<div class=\"elementor-element elementor-element-b8e7361 elementor-widget elementor-widget-text-editor\" data-id=\"b8e7361\" data-element_type=\"widget\" data-e-type=\"widget\" data-widget_type=\"text-editor.default\">\n\t\t\t\t\t\t\t\t\t<p>Lifehub repr\u00e9sente une \u00e9volution dans la t\u00e9l\u00e9m\u00e9decine, offrant un syst\u00e8me modulaire et \u00e9volutif qui s\u2019adapte aux besoins pr\u00e9sents et futurs. Sa flexibilit\u00e9, son interop\u00e9rabilit\u00e9 et sa capacit\u00e9 \u00e0 int\u00e9grer de nouvelles technologies, telles que l\u2019IA, assurent une attention m\u00e9dicale de haute qualit\u00e9, aussi bien dans les environnements cliniques qu\u2019\u00e0 domicile. Lifehub est la solution id\u00e9ale pour stimuler l\u2019innovation m\u00e9dicale \u00e0 tous les niveaux du syst\u00e8me sanitaire.  <\/p>\t\t\t\t\t\t\t\t<\/div>\n\t\t\t\t\t<\/div>\n\t\t\t\t<\/div>\n\t\t<div class=\"elementor-element elementor-element-c034e47 e-flex e-con-boxed e-con e-parent\" data-id=\"c034e47\" data-element_type=\"container\" data-e-type=\"container\">\n\t\t\t\t\t<div class=\"e-con-inner\">\n\t\t\t\t<div class=\"elementor-element elementor-element-d19229a elementor-align-center elementor-widget elementor-widget-the7_button_widget\" data-id=\"d19229a\" data-element_type=\"widget\" data-e-type=\"widget\" data-widget_type=\"the7_button_widget.default\">\n\t\t\t\t<div class=\"elementor-widget-container\">\n\t\t\t\t\t<div class=\"elementor-button-wrapper\"><a href=\"https:\/\/biodatadevices.com\/estaciones-de-telemedicina\/\" class=\"box-button elementor-button elementor-size-lg\">STATIONS DE T\u00c9L\u00c9M\u00c9DECINE<\/a><\/div>\t\t\t\t<\/div>\n\t\t\t\t<\/div>\n\t\t\t\t\t<\/div>\n\t\t\t\t<\/div>\n\t\t\t\t<\/div>\n\t\t","protected":false},"excerpt":{"rendered":"<p>Innovation modulaire en t\u00e9l\u00e9m\u00e9decine L\u2019architecture Lifehub est une plateforme avanc\u00e9e con\u00e7ue pour offrir des solutions de t\u00e9l\u00e9m\u00e9decine flexibles, \u00e9volutives et \u00e0 haute performance, s\u2019adaptant aux divers besoins de l\u2019environnement sanitaire moderne. Son approche modulaire fournit aux professionnels de la sant\u00e9 des outils technologiques puissants pour la surveillance, le diagnostic et la gestion des donn\u00e9es cliniques,&hellip;<\/p>\n","protected":false},"author":1,"featured_media":7222,"parent":0,"menu_order":60,"comment_status":"closed","ping_status":"closed","template":"","meta":{"footnotes":""},"class_list":["post-7221","page","type-page","status-publish","has-post-thumbnail","hentry"],"yoast_head":"<!-- This site is optimized with the Yoast SEO plugin v27.3 - https:\/\/yoast.com\/product\/yoast-seo-wordpress\/ -->\n<title>Architecture Lifehub - Biodata Devices<\/title>\n<meta name=\"robots\" content=\"index, follow, max-snippet:-1, max-image-preview:large, max-video-preview:-1\" \/>\n<link rel=\"canonical\" href=\"https:\/\/biodatadevices.com\/fr\/architecture-lifehub\/\" \/>\n<meta property=\"og:locale\" content=\"fr_FR\" \/>\n<meta property=\"og:type\" content=\"article\" \/>\n<meta property=\"og:title\" content=\"Architecture Lifehub - Biodata Devices\" \/>\n<meta property=\"og:description\" content=\"Innovation modulaire en t\u00e9l\u00e9m\u00e9decine L\u2019architecture Lifehub est une plateforme avanc\u00e9e con\u00e7ue pour offrir des solutions de t\u00e9l\u00e9m\u00e9decine flexibles, \u00e9volutives et \u00e0 haute performance, s\u2019adaptant aux divers besoins de l\u2019environnement sanitaire moderne. Son approche modulaire fournit aux professionnels de la sant\u00e9 des outils technologiques puissants pour la surveillance, le diagnostic et la gestion des donn\u00e9es cliniques,&hellip;\" \/>\n<meta property=\"og:url\" content=\"https:\/\/biodatadevices.com\/fr\/architecture-lifehub\/\" \/>\n<meta property=\"og:site_name\" content=\"Biodata Devices\" \/>\n<meta property=\"article:modified_time\" content=\"2026-01-20T16:43:39+00:00\" \/>\n<meta property=\"og:image\" content=\"https:\/\/biodatadevices.com\/wp-content\/uploads\/2024\/10\/banner-arquitectura-lifehub.webp\" \/>\n\t<meta property=\"og:image:width\" content=\"1920\" \/>\n\t<meta property=\"og:image:height\" content=\"480\" \/>\n\t<meta property=\"og:image:type\" content=\"image\/jpeg\" \/>\n<meta name=\"twitter:card\" content=\"summary_large_image\" \/>\n<meta name=\"twitter:site\" content=\"@BiodataDevices\" \/>\n<meta name=\"twitter:label1\" content=\"Dur\u00e9e de lecture estim\u00e9e\" \/>\n\t<meta name=\"twitter:data1\" content=\"3 minutes\" \/>\n<script type=\"application\/ld+json\" class=\"yoast-schema-graph\">{\"@context\":\"https:\\\/\\\/schema.org\",\"@graph\":[{\"@type\":\"WebPage\",\"@id\":\"https:\\\/\\\/biodatadevices.com\\\/fr\\\/architecture-lifehub\\\/\",\"url\":\"https:\\\/\\\/biodatadevices.com\\\/fr\\\/architecture-lifehub\\\/\",\"name\":\"Architecture Lifehub - Biodata Devices\",\"isPartOf\":{\"@id\":\"https:\\\/\\\/biodatadevices.com\\\/fr\\\/#website\"},\"primaryImageOfPage\":{\"@id\":\"https:\\\/\\\/biodatadevices.com\\\/fr\\\/architecture-lifehub\\\/#primaryimage\"},\"image\":{\"@id\":\"https:\\\/\\\/biodatadevices.com\\\/fr\\\/architecture-lifehub\\\/#primaryimage\"},\"thumbnailUrl\":\"https:\\\/\\\/biodatadevices.com\\\/wp-content\\\/uploads\\\/2024\\\/10\\\/banner-arquitectura-lifehub.webp\",\"datePublished\":\"2024-02-18T15:40:01+00:00\",\"dateModified\":\"2026-01-20T16:43:39+00:00\",\"breadcrumb\":{\"@id\":\"https:\\\/\\\/biodatadevices.com\\\/fr\\\/architecture-lifehub\\\/#breadcrumb\"},\"inLanguage\":\"fr-FR\",\"potentialAction\":[{\"@type\":\"ReadAction\",\"target\":[\"https:\\\/\\\/biodatadevices.com\\\/fr\\\/architecture-lifehub\\\/\"]}]},{\"@type\":\"ImageObject\",\"inLanguage\":\"fr-FR\",\"@id\":\"https:\\\/\\\/biodatadevices.com\\\/fr\\\/architecture-lifehub\\\/#primaryimage\",\"url\":\"https:\\\/\\\/biodatadevices.com\\\/wp-content\\\/uploads\\\/2024\\\/10\\\/banner-arquitectura-lifehub.webp\",\"contentUrl\":\"https:\\\/\\\/biodatadevices.com\\\/wp-content\\\/uploads\\\/2024\\\/10\\\/banner-arquitectura-lifehub.webp\",\"width\":1920,\"height\":480},{\"@type\":\"BreadcrumbList\",\"@id\":\"https:\\\/\\\/biodatadevices.com\\\/fr\\\/architecture-lifehub\\\/#breadcrumb\",\"itemListElement\":[{\"@type\":\"ListItem\",\"position\":1,\"name\":\"Portada\",\"item\":\"https:\\\/\\\/biodatadevices.com\\\/fr\\\/\"},{\"@type\":\"ListItem\",\"position\":2,\"name\":\"Architecture Lifehub\"}]},{\"@type\":\"WebSite\",\"@id\":\"https:\\\/\\\/biodatadevices.com\\\/fr\\\/#website\",\"url\":\"https:\\\/\\\/biodatadevices.com\\\/fr\\\/\",\"name\":\"Biodata Devices\",\"description\":\"\",\"publisher\":{\"@id\":\"https:\\\/\\\/biodatadevices.com\\\/fr\\\/#organization\"},\"potentialAction\":[{\"@type\":\"SearchAction\",\"target\":{\"@type\":\"EntryPoint\",\"urlTemplate\":\"https:\\\/\\\/biodatadevices.com\\\/fr\\\/?s={search_term_string}\"},\"query-input\":{\"@type\":\"PropertyValueSpecification\",\"valueRequired\":true,\"valueName\":\"search_term_string\"}}],\"inLanguage\":\"fr-FR\"},{\"@type\":\"Organization\",\"@id\":\"https:\\\/\\\/biodatadevices.com\\\/fr\\\/#organization\",\"name\":\"Biodata Devices\",\"url\":\"https:\\\/\\\/biodatadevices.com\\\/fr\\\/\",\"logo\":{\"@type\":\"ImageObject\",\"inLanguage\":\"fr-FR\",\"@id\":\"https:\\\/\\\/biodatadevices.com\\\/fr\\\/#\\\/schema\\\/logo\\\/image\\\/\",\"url\":\"https:\\\/\\\/biodatadevices.com\\\/wp-content\\\/uploads\\\/2021\\\/12\\\/logo-biodata-devices.png\",\"contentUrl\":\"https:\\\/\\\/biodatadevices.com\\\/wp-content\\\/uploads\\\/2021\\\/12\\\/logo-biodata-devices.png\",\"width\":322,\"height\":245,\"caption\":\"Biodata Devices\"},\"image\":{\"@id\":\"https:\\\/\\\/biodatadevices.com\\\/fr\\\/#\\\/schema\\\/logo\\\/image\\\/\"},\"sameAs\":[\"https:\\\/\\\/x.com\\\/BiodataDevices\",\"https:\\\/\\\/www.linkedin.com\\\/in\\\/biodata-devices\\\/\"]}]}<\/script>\n<!-- \/ Yoast SEO plugin. -->","yoast_head_json":{"title":"Architecture Lifehub - Biodata Devices","robots":{"index":"index","follow":"follow","max-snippet":"max-snippet:-1","max-image-preview":"max-image-preview:large","max-video-preview":"max-video-preview:-1"},"canonical":"https:\/\/biodatadevices.com\/fr\/architecture-lifehub\/","og_locale":"fr_FR","og_type":"article","og_title":"Architecture Lifehub - Biodata Devices","og_description":"Innovation modulaire en t\u00e9l\u00e9m\u00e9decine L\u2019architecture Lifehub est une plateforme avanc\u00e9e con\u00e7ue pour offrir des solutions de t\u00e9l\u00e9m\u00e9decine flexibles, \u00e9volutives et \u00e0 haute performance, s\u2019adaptant aux divers besoins de l\u2019environnement sanitaire moderne. Son approche modulaire fournit aux professionnels de la sant\u00e9 des outils technologiques puissants pour la surveillance, le diagnostic et la gestion des donn\u00e9es cliniques,&hellip;","og_url":"https:\/\/biodatadevices.com\/fr\/architecture-lifehub\/","og_site_name":"Biodata Devices","article_modified_time":"2026-01-20T16:43:39+00:00","og_image":[{"width":1920,"height":480,"url":"https:\/\/biodatadevices.com\/wp-content\/uploads\/2024\/10\/banner-arquitectura-lifehub.webp","type":"image\/jpeg"}],"twitter_card":"summary_large_image","twitter_site":"@BiodataDevices","twitter_misc":{"Dur\u00e9e de lecture estim\u00e9e":"3 minutes"},"schema":{"@context":"https:\/\/schema.org","@graph":[{"@type":"WebPage","@id":"https:\/\/biodatadevices.com\/fr\/architecture-lifehub\/","url":"https:\/\/biodatadevices.com\/fr\/architecture-lifehub\/","name":"Architecture Lifehub - Biodata Devices","isPartOf":{"@id":"https:\/\/biodatadevices.com\/fr\/#website"},"primaryImageOfPage":{"@id":"https:\/\/biodatadevices.com\/fr\/architecture-lifehub\/#primaryimage"},"image":{"@id":"https:\/\/biodatadevices.com\/fr\/architecture-lifehub\/#primaryimage"},"thumbnailUrl":"https:\/\/biodatadevices.com\/wp-content\/uploads\/2024\/10\/banner-arquitectura-lifehub.webp","datePublished":"2024-02-18T15:40:01+00:00","dateModified":"2026-01-20T16:43:39+00:00","breadcrumb":{"@id":"https:\/\/biodatadevices.com\/fr\/architecture-lifehub\/#breadcrumb"},"inLanguage":"fr-FR","potentialAction":[{"@type":"ReadAction","target":["https:\/\/biodatadevices.com\/fr\/architecture-lifehub\/"]}]},{"@type":"ImageObject","inLanguage":"fr-FR","@id":"https:\/\/biodatadevices.com\/fr\/architecture-lifehub\/#primaryimage","url":"https:\/\/biodatadevices.com\/wp-content\/uploads\/2024\/10\/banner-arquitectura-lifehub.webp","contentUrl":"https:\/\/biodatadevices.com\/wp-content\/uploads\/2024\/10\/banner-arquitectura-lifehub.webp","width":1920,"height":480},{"@type":"BreadcrumbList","@id":"https:\/\/biodatadevices.com\/fr\/architecture-lifehub\/#breadcrumb","itemListElement":[{"@type":"ListItem","position":1,"name":"Portada","item":"https:\/\/biodatadevices.com\/fr\/"},{"@type":"ListItem","position":2,"name":"Architecture Lifehub"}]},{"@type":"WebSite","@id":"https:\/\/biodatadevices.com\/fr\/#website","url":"https:\/\/biodatadevices.com\/fr\/","name":"Biodata Devices","description":"","publisher":{"@id":"https:\/\/biodatadevices.com\/fr\/#organization"},"potentialAction":[{"@type":"SearchAction","target":{"@type":"EntryPoint","urlTemplate":"https:\/\/biodatadevices.com\/fr\/?s={search_term_string}"},"query-input":{"@type":"PropertyValueSpecification","valueRequired":true,"valueName":"search_term_string"}}],"inLanguage":"fr-FR"},{"@type":"Organization","@id":"https:\/\/biodatadevices.com\/fr\/#organization","name":"Biodata Devices","url":"https:\/\/biodatadevices.com\/fr\/","logo":{"@type":"ImageObject","inLanguage":"fr-FR","@id":"https:\/\/biodatadevices.com\/fr\/#\/schema\/logo\/image\/","url":"https:\/\/biodatadevices.com\/wp-content\/uploads\/2021\/12\/logo-biodata-devices.png","contentUrl":"https:\/\/biodatadevices.com\/wp-content\/uploads\/2021\/12\/logo-biodata-devices.png","width":322,"height":245,"caption":"Biodata Devices"},"image":{"@id":"https:\/\/biodatadevices.com\/fr\/#\/schema\/logo\/image\/"},"sameAs":["https:\/\/x.com\/BiodataDevices","https:\/\/www.linkedin.com\/in\/biodata-devices\/"]}]}},"_links":{"self":[{"href":"https:\/\/biodatadevices.com\/fr\/wp-json\/wp\/v2\/pages\/7221","targetHints":{"allow":["GET"]}}],"collection":[{"href":"https:\/\/biodatadevices.com\/fr\/wp-json\/wp\/v2\/pages"}],"about":[{"href":"https:\/\/biodatadevices.com\/fr\/wp-json\/wp\/v2\/types\/page"}],"author":[{"embeddable":true,"href":"https:\/\/biodatadevices.com\/fr\/wp-json\/wp\/v2\/users\/1"}],"replies":[{"embeddable":true,"href":"https:\/\/biodatadevices.com\/fr\/wp-json\/wp\/v2\/comments?post=7221"}],"version-history":[{"count":0,"href":"https:\/\/biodatadevices.com\/fr\/wp-json\/wp\/v2\/pages\/7221\/revisions"}],"wp:featuredmedia":[{"embeddable":true,"href":"https:\/\/biodatadevices.com\/fr\/wp-json\/wp\/v2\/media\/7222"}],"wp:attachment":[{"href":"https:\/\/biodatadevices.com\/fr\/wp-json\/wp\/v2\/media?parent=7221"}],"curies":[{"name":"wp","href":"https:\/\/api.w.org\/{rel}","templated":true}]}}