{"id":7142,"date":"2020-02-05T09:12:28","date_gmt":"2020-02-05T08:12:28","guid":{"rendered":"https:\/\/biodatadevices.com\/actualites\/"},"modified":"2026-01-20T17:42:18","modified_gmt":"2026-01-20T16:42:18","slug":"actualites","status":"publish","type":"page","link":"https:\/\/biodatadevices.com\/fr\/actualites\/","title":{"rendered":"Actualit\u00e9s"},"content":{"rendered":"\t\t<div data-elementor-type=\"wp-page\" data-elementor-id=\"7142\" class=\"elementor elementor-7142 elementor-349\" data-elementor-post-type=\"page\">\n\t\t\t\t<div class=\"elementor-element elementor-element-c83e887 e-flex e-con-boxed e-con e-parent\" data-id=\"c83e887\" data-element_type=\"container\" data-e-type=\"container\">\n\t\t\t\t\t<div class=\"e-con-inner\">\n\t\t\t\t<div class=\"elementor-element elementor-element-26a421c animated-slow elementor-invisible elementor-widget elementor-widget-text-editor\" data-id=\"26a421c\" data-element_type=\"widget\" data-e-type=\"widget\" data-settings=\"{&quot;_animation&quot;:&quot;fadeIn&quot;}\" data-widget_type=\"text-editor.default\">\n\t\t\t\t\t\t\t\t\t<p>Bienvenue dans la section des actualit\u00e9s. Vous trouverez ici des articles sp\u00e9cialis\u00e9s sur nos stations m\u00e9dicales, ainsi que des actualit\u00e9s pertinentes du secteur. Nous partageons \u00e9galement des histoires de r\u00e9ussite inspirantes de patients qui ont am\u00e9lior\u00e9 leur qualit\u00e9 de vie gr\u00e2ce \u00e0 nos solutions. Notre objectif est de vous tenir inform\u00e9 et de vous offrir un contenu pr\u00e9cieux et actualis\u00e9 sur les avanc\u00e9es technologiques, les innovations en sant\u00e9 et des t\u00e9moignages r\u00e9els. Explorez nos actualit\u00e9s et d\u00e9couvrez comment nous faisons une diff\u00e9rence dans le monde de la m\u00e9decine. Merci de votre visite et de rester inform\u00e9 de nos nouveaut\u00e9s&nbsp;!     <\/p>\t\t\t\t\t\t\t\t<\/div>\n\t\t\t\t\t<\/div>\n\t\t\t\t<\/div>\n\t\t\t\t<section class=\"elementor-section elementor-top-section elementor-element elementor-element-2cc78cf elementor-section-boxed elementor-section-height-default elementor-section-height-default\" data-id=\"2cc78cf\" data-element_type=\"section\" data-e-type=\"section\">\n\t\t\t\t\t\t<div class=\"elementor-container elementor-column-gap-wider\">\n\t\t\t\t\t<div class=\"elementor-column elementor-col-100 elementor-top-column elementor-element elementor-element-72b1638\" data-id=\"72b1638\" data-element_type=\"column\" data-e-type=\"column\">\n\t\t\t<div class=\"elementor-widget-wrap elementor-element-populated\">\n\t\t\t\t\t\t<div class=\"elementor-element elementor-element-db1dbf0 elementor-widget elementor-widget-spacer\" data-id=\"db1dbf0\" data-element_type=\"widget\" data-e-type=\"widget\" data-widget_type=\"spacer.default\">\n\t\t\t\t\t\t\t<div class=\"elementor-spacer\">\n\t\t\t<div class=\"elementor-spacer-inner\"><\/div>\n\t\t<\/div>\n\t\t\t\t\t\t<\/div>\n\t\t\t\t\t<\/div>\n\t\t<\/div>\n\t\t\t\t\t<\/div>\n\t\t<\/section>\n\t\t\t\t<\/div>\n\t\t","protected":false},"excerpt":{"rendered":"<p>Bienvenue dans la section des actualit\u00e9s. Vous trouverez ici des articles sp\u00e9cialis\u00e9s sur nos stations m\u00e9dicales, ainsi que des actualit\u00e9s pertinentes du secteur. Nous partageons \u00e9galement des histoires de r\u00e9ussite inspirantes de patients qui ont am\u00e9lior\u00e9 leur qualit\u00e9 de vie gr\u00e2ce \u00e0 nos solutions. Notre objectif est de vous tenir inform\u00e9 et de vous offrir&hellip;<\/p>\n","protected":false},"author":1,"featured_media":7143,"parent":0,"menu_order":50,"comment_status":"closed","ping_status":"closed","template":"","meta":{"footnotes":""},"class_list":["post-7142","page","type-page","status-publish","has-post-thumbnail","hentry"],"yoast_head":"<!-- This site is optimized with the Yoast SEO plugin v27.3 - https:\/\/yoast.com\/product\/yoast-seo-wordpress\/ -->\n<title>Biodata Devices | Actualit\u00e9s t\u00e9l\u00e9m\u00e9decine<\/title>\n<meta name=\"description\" content=\"Restez inform\u00e9 des derni\u00e8res nouveaut\u00e9s en t\u00e9l\u00e9m\u00e9decine. Biodata Devices vous offre des actualit\u00e9s, des \u00e9v\u00e9nements et des tendances du secteur.\" \/>\n<meta name=\"robots\" content=\"index, follow, max-snippet:-1, max-image-preview:large, max-video-preview:-1\" \/>\n<link rel=\"canonical\" href=\"https:\/\/biodatadevices.com\/fr\/actualites\/\" \/>\n<meta property=\"og:locale\" content=\"fr_FR\" \/>\n<meta property=\"og:type\" content=\"article\" \/>\n<meta property=\"og:title\" content=\"Biodata Devices | Actualit\u00e9s t\u00e9l\u00e9m\u00e9decine\" \/>\n<meta property=\"og:description\" content=\"Restez inform\u00e9 des derni\u00e8res nouveaut\u00e9s en t\u00e9l\u00e9m\u00e9decine. Biodata Devices vous offre des actualit\u00e9s, des \u00e9v\u00e9nements et des tendances du secteur.\" \/>\n<meta property=\"og:url\" content=\"https:\/\/biodatadevices.com\/fr\/actualites\/\" \/>\n<meta property=\"og:site_name\" content=\"Biodata Devices\" \/>\n<meta property=\"article:modified_time\" content=\"2026-01-20T16:42:18+00:00\" \/>\n<meta property=\"og:image\" content=\"https:\/\/biodatadevices.com\/wp-content\/uploads\/2024\/06\/banner-titulo-blog-y-casos-de-exito.webp\" \/>\n\t<meta property=\"og:image:width\" content=\"1920\" \/>\n\t<meta property=\"og:image:height\" content=\"480\" \/>\n\t<meta property=\"og:image:type\" content=\"image\/jpeg\" \/>\n<meta name=\"twitter:card\" content=\"summary_large_image\" \/>\n<meta name=\"twitter:site\" content=\"@BiodataDevices\" \/>\n<meta name=\"twitter:label1\" content=\"Dur\u00e9e de lecture estim\u00e9e\" \/>\n\t<meta name=\"twitter:data1\" content=\"1 minute\" \/>\n<script type=\"application\/ld+json\" class=\"yoast-schema-graph\">{\"@context\":\"https:\\\/\\\/schema.org\",\"@graph\":[{\"@type\":\"WebPage\",\"@id\":\"https:\\\/\\\/biodatadevices.com\\\/fr\\\/actualites\\\/\",\"url\":\"https:\\\/\\\/biodatadevices.com\\\/fr\\\/actualites\\\/\",\"name\":\"Biodata Devices | Actualit\u00e9s t\u00e9l\u00e9m\u00e9decine\",\"isPartOf\":{\"@id\":\"https:\\\/\\\/biodatadevices.com\\\/fr\\\/#website\"},\"primaryImageOfPage\":{\"@id\":\"https:\\\/\\\/biodatadevices.com\\\/fr\\\/actualites\\\/#primaryimage\"},\"image\":{\"@id\":\"https:\\\/\\\/biodatadevices.com\\\/fr\\\/actualites\\\/#primaryimage\"},\"thumbnailUrl\":\"https:\\\/\\\/biodatadevices.com\\\/wp-content\\\/uploads\\\/2024\\\/06\\\/banner-titulo-blog-y-casos-de-exito.webp\",\"datePublished\":\"2020-02-05T08:12:28+00:00\",\"dateModified\":\"2026-01-20T16:42:18+00:00\",\"description\":\"Restez inform\u00e9 des derni\u00e8res nouveaut\u00e9s en t\u00e9l\u00e9m\u00e9decine. Biodata Devices vous offre des actualit\u00e9s, des \u00e9v\u00e9nements et des tendances du secteur.\",\"breadcrumb\":{\"@id\":\"https:\\\/\\\/biodatadevices.com\\\/fr\\\/actualites\\\/#breadcrumb\"},\"inLanguage\":\"fr-FR\",\"potentialAction\":[{\"@type\":\"ReadAction\",\"target\":[\"https:\\\/\\\/biodatadevices.com\\\/fr\\\/actualites\\\/\"]}]},{\"@type\":\"ImageObject\",\"inLanguage\":\"fr-FR\",\"@id\":\"https:\\\/\\\/biodatadevices.com\\\/fr\\\/actualites\\\/#primaryimage\",\"url\":\"https:\\\/\\\/biodatadevices.com\\\/wp-content\\\/uploads\\\/2024\\\/06\\\/banner-titulo-blog-y-casos-de-exito.webp\",\"contentUrl\":\"https:\\\/\\\/biodatadevices.com\\\/wp-content\\\/uploads\\\/2024\\\/06\\\/banner-titulo-blog-y-casos-de-exito.webp\",\"width\":1920,\"height\":480},{\"@type\":\"BreadcrumbList\",\"@id\":\"https:\\\/\\\/biodatadevices.com\\\/fr\\\/actualites\\\/#breadcrumb\",\"itemListElement\":[{\"@type\":\"ListItem\",\"position\":1,\"name\":\"Portada\",\"item\":\"https:\\\/\\\/biodatadevices.com\\\/fr\\\/\"},{\"@type\":\"ListItem\",\"position\":2,\"name\":\"Actualit\u00e9s\"}]},{\"@type\":\"WebSite\",\"@id\":\"https:\\\/\\\/biodatadevices.com\\\/fr\\\/#website\",\"url\":\"https:\\\/\\\/biodatadevices.com\\\/fr\\\/\",\"name\":\"Biodata Devices\",\"description\":\"\",\"publisher\":{\"@id\":\"https:\\\/\\\/biodatadevices.com\\\/fr\\\/#organization\"},\"potentialAction\":[{\"@type\":\"SearchAction\",\"target\":{\"@type\":\"EntryPoint\",\"urlTemplate\":\"https:\\\/\\\/biodatadevices.com\\\/fr\\\/?s={search_term_string}\"},\"query-input\":{\"@type\":\"PropertyValueSpecification\",\"valueRequired\":true,\"valueName\":\"search_term_string\"}}],\"inLanguage\":\"fr-FR\"},{\"@type\":\"Organization\",\"@id\":\"https:\\\/\\\/biodatadevices.com\\\/fr\\\/#organization\",\"name\":\"Biodata Devices\",\"url\":\"https:\\\/\\\/biodatadevices.com\\\/fr\\\/\",\"logo\":{\"@type\":\"ImageObject\",\"inLanguage\":\"fr-FR\",\"@id\":\"https:\\\/\\\/biodatadevices.com\\\/fr\\\/#\\\/schema\\\/logo\\\/image\\\/\",\"url\":\"https:\\\/\\\/biodatadevices.com\\\/wp-content\\\/uploads\\\/2021\\\/12\\\/logo-biodata-devices.png\",\"contentUrl\":\"https:\\\/\\\/biodatadevices.com\\\/wp-content\\\/uploads\\\/2021\\\/12\\\/logo-biodata-devices.png\",\"width\":322,\"height\":245,\"caption\":\"Biodata Devices\"},\"image\":{\"@id\":\"https:\\\/\\\/biodatadevices.com\\\/fr\\\/#\\\/schema\\\/logo\\\/image\\\/\"},\"sameAs\":[\"https:\\\/\\\/x.com\\\/BiodataDevices\",\"https:\\\/\\\/www.linkedin.com\\\/in\\\/biodata-devices\\\/\"]}]}<\/script>\n<!-- \/ Yoast SEO plugin. -->","yoast_head_json":{"title":"Biodata Devices | Actualit\u00e9s t\u00e9l\u00e9m\u00e9decine","description":"Restez inform\u00e9 des derni\u00e8res nouveaut\u00e9s en t\u00e9l\u00e9m\u00e9decine. Biodata Devices vous offre des actualit\u00e9s, des \u00e9v\u00e9nements et des tendances du secteur.","robots":{"index":"index","follow":"follow","max-snippet":"max-snippet:-1","max-image-preview":"max-image-preview:large","max-video-preview":"max-video-preview:-1"},"canonical":"https:\/\/biodatadevices.com\/fr\/actualites\/","og_locale":"fr_FR","og_type":"article","og_title":"Biodata Devices | Actualit\u00e9s t\u00e9l\u00e9m\u00e9decine","og_description":"Restez inform\u00e9 des derni\u00e8res nouveaut\u00e9s en t\u00e9l\u00e9m\u00e9decine. Biodata Devices vous offre des actualit\u00e9s, des \u00e9v\u00e9nements et des tendances du secteur.","og_url":"https:\/\/biodatadevices.com\/fr\/actualites\/","og_site_name":"Biodata Devices","article_modified_time":"2026-01-20T16:42:18+00:00","og_image":[{"width":1920,"height":480,"url":"https:\/\/biodatadevices.com\/wp-content\/uploads\/2024\/06\/banner-titulo-blog-y-casos-de-exito.webp","type":"image\/jpeg"}],"twitter_card":"summary_large_image","twitter_site":"@BiodataDevices","twitter_misc":{"Dur\u00e9e de lecture estim\u00e9e":"1 minute"},"schema":{"@context":"https:\/\/schema.org","@graph":[{"@type":"WebPage","@id":"https:\/\/biodatadevices.com\/fr\/actualites\/","url":"https:\/\/biodatadevices.com\/fr\/actualites\/","name":"Biodata Devices | Actualit\u00e9s t\u00e9l\u00e9m\u00e9decine","isPartOf":{"@id":"https:\/\/biodatadevices.com\/fr\/#website"},"primaryImageOfPage":{"@id":"https:\/\/biodatadevices.com\/fr\/actualites\/#primaryimage"},"image":{"@id":"https:\/\/biodatadevices.com\/fr\/actualites\/#primaryimage"},"thumbnailUrl":"https:\/\/biodatadevices.com\/wp-content\/uploads\/2024\/06\/banner-titulo-blog-y-casos-de-exito.webp","datePublished":"2020-02-05T08:12:28+00:00","dateModified":"2026-01-20T16:42:18+00:00","description":"Restez inform\u00e9 des derni\u00e8res nouveaut\u00e9s en t\u00e9l\u00e9m\u00e9decine. Biodata Devices vous offre des actualit\u00e9s, des \u00e9v\u00e9nements et des tendances du secteur.","breadcrumb":{"@id":"https:\/\/biodatadevices.com\/fr\/actualites\/#breadcrumb"},"inLanguage":"fr-FR","potentialAction":[{"@type":"ReadAction","target":["https:\/\/biodatadevices.com\/fr\/actualites\/"]}]},{"@type":"ImageObject","inLanguage":"fr-FR","@id":"https:\/\/biodatadevices.com\/fr\/actualites\/#primaryimage","url":"https:\/\/biodatadevices.com\/wp-content\/uploads\/2024\/06\/banner-titulo-blog-y-casos-de-exito.webp","contentUrl":"https:\/\/biodatadevices.com\/wp-content\/uploads\/2024\/06\/banner-titulo-blog-y-casos-de-exito.webp","width":1920,"height":480},{"@type":"BreadcrumbList","@id":"https:\/\/biodatadevices.com\/fr\/actualites\/#breadcrumb","itemListElement":[{"@type":"ListItem","position":1,"name":"Portada","item":"https:\/\/biodatadevices.com\/fr\/"},{"@type":"ListItem","position":2,"name":"Actualit\u00e9s"}]},{"@type":"WebSite","@id":"https:\/\/biodatadevices.com\/fr\/#website","url":"https:\/\/biodatadevices.com\/fr\/","name":"Biodata Devices","description":"","publisher":{"@id":"https:\/\/biodatadevices.com\/fr\/#organization"},"potentialAction":[{"@type":"SearchAction","target":{"@type":"EntryPoint","urlTemplate":"https:\/\/biodatadevices.com\/fr\/?s={search_term_string}"},"query-input":{"@type":"PropertyValueSpecification","valueRequired":true,"valueName":"search_term_string"}}],"inLanguage":"fr-FR"},{"@type":"Organization","@id":"https:\/\/biodatadevices.com\/fr\/#organization","name":"Biodata Devices","url":"https:\/\/biodatadevices.com\/fr\/","logo":{"@type":"ImageObject","inLanguage":"fr-FR","@id":"https:\/\/biodatadevices.com\/fr\/#\/schema\/logo\/image\/","url":"https:\/\/biodatadevices.com\/wp-content\/uploads\/2021\/12\/logo-biodata-devices.png","contentUrl":"https:\/\/biodatadevices.com\/wp-content\/uploads\/2021\/12\/logo-biodata-devices.png","width":322,"height":245,"caption":"Biodata Devices"},"image":{"@id":"https:\/\/biodatadevices.com\/fr\/#\/schema\/logo\/image\/"},"sameAs":["https:\/\/x.com\/BiodataDevices","https:\/\/www.linkedin.com\/in\/biodata-devices\/"]}]}},"_links":{"self":[{"href":"https:\/\/biodatadevices.com\/fr\/wp-json\/wp\/v2\/pages\/7142","targetHints":{"allow":["GET"]}}],"collection":[{"href":"https:\/\/biodatadevices.com\/fr\/wp-json\/wp\/v2\/pages"}],"about":[{"href":"https:\/\/biodatadevices.com\/fr\/wp-json\/wp\/v2\/types\/page"}],"author":[{"embeddable":true,"href":"https:\/\/biodatadevices.com\/fr\/wp-json\/wp\/v2\/users\/1"}],"replies":[{"embeddable":true,"href":"https:\/\/biodatadevices.com\/fr\/wp-json\/wp\/v2\/comments?post=7142"}],"version-history":[{"count":0,"href":"https:\/\/biodatadevices.com\/fr\/wp-json\/wp\/v2\/pages\/7142\/revisions"}],"wp:featuredmedia":[{"embeddable":true,"href":"https:\/\/biodatadevices.com\/fr\/wp-json\/wp\/v2\/media\/7143"}],"wp:attachment":[{"href":"https:\/\/biodatadevices.com\/fr\/wp-json\/wp\/v2\/media?parent=7142"}],"curies":[{"name":"wp","href":"https:\/\/api.w.org\/{rel}","templated":true}]}}