{"id":7310,"date":"2024-06-17T10:02:01","date_gmt":"2024-06-17T08:02:01","guid":{"rendered":"https:\/\/biodatadevices.com\/impressum\/"},"modified":"2026-01-20T17:46:25","modified_gmt":"2026-01-20T16:46:25","slug":"impressum","status":"publish","type":"page","link":"https:\/\/biodatadevices.com\/de\/impressum\/","title":{"rendered":"Impressum"},"content":{"rendered":"\t\t<div data-elementor-type=\"wp-page\" data-elementor-id=\"7310\" class=\"elementor elementor-7310 elementor-6103\" data-elementor-post-type=\"page\">\n\t\t\t\t<div class=\"elementor-element elementor-element-ec82457 legal-fuentes e-flex e-con-boxed e-con e-parent\" data-id=\"ec82457\" data-element_type=\"container\" data-e-type=\"container\">\n\t\t\t\t\t<div class=\"e-con-inner\">\n\t\t\t\t<div class=\"elementor-element elementor-element-c8ec4d0 elementor-widget elementor-widget-text-editor\" data-id=\"c8ec4d0\" data-element_type=\"widget\" data-e-type=\"widget\" data-widget_type=\"text-editor.default\">\n\t\t\t\t\t\t\t\t\t<h3 style=\"font-size: 18px; font-weight: 600;\">1 GESETZ \u00dcBER DIE DIENSTE DER INFORMATIONSGESELLSCHAFT UND DEN ELEKTRONISCHEN HANDEL<\/h3>\n<p>In \u00dcbereinstimmung mit den Bestimmungen von Art. 10 des Gesetzes 34\/2002 vom 11. Juli \u00fcber die Dienste der Informationsgesellschaft (L.S.S.I.) werden die folgenden allgemeinen Informationen bekannt gegeben:<\/p>\n<p>Die Domain www.biodatadevices.com und www.biodatadevices.es, im Folgenden Website, ist auf den Namen BIODATA DEVICES, S.L. mit Sitz in Calle P\u00e1ramo leon\u00e9s, 56, 47008 &#8211; Valladolid (Valladolid) eingetragen; ein Unternehmen, das im Handelsregister von Band, Abschnitt, Blatt, Seite, erste Eintragung, mit der Steuernummer B47728456 eingetragen ist, im Folgenden DER TITULAR<\/p>\n<h3 style=\"font-size: 18px; font-weight: 600;\">2 NUTZUNGSBEDINGUNGEN<\/h3>\n<h3 style=\"font-size: 16px; font-weight: 600;\">I.- BENUTZER\/INNEN<\/h3>\n<p>Der Zugriff und\/oder die Nutzung der Website www.biodatadevices.com und www.biodatadevices.es, \u00fcbertr\u00e4gt demjenigen, der sie ausf\u00fchrt, die Bedingung des\/der Benutzers\/in, der\/die von diesem Moment an die vorliegenden allgemeinen Bedingungen sowie die besonderen Bedingungen, die gegebenenfalls die allgemeinen Bedingungen in Bezug auf bestimmte Dienste und Inhalte der Website erg\u00e4nzen, \u00e4ndern oder ersetzen, vollst\u00e4ndig und ohne jeglichen Vorbehalt akzeptiert.<\/p>\n<h3 style=\"font-size: 16px; font-weight: 600;\">II.- NUTZUNG DER WEBSITE, IHRER DIENSTE UND INHALTE<\/h3>\n<p>Der\/die Benutzer\/in verpflichtet sich, die Website und ihre Dienste und Inhalte zu nutzen, ohne gegen die geltenden Gesetze, den guten Glauben, die allgemein anerkannten Gepflogenheiten und die \u00f6ffentliche Ordnung zu versto\u00dfen.<\/p>\n<p>Ebenso ist die Nutzung der Website f\u00fcr illegale oder sch\u00e4dliche Zwecke gegen DER TITULAR oder Dritte untersagt, oder die in irgendeiner Weise Schaden verursachen oder das normale Funktionieren der Website verhindern k\u00f6nnen.<\/p>\n<p>In Bezug auf die Inhalte (Informationen, Texte, Grafiken, Ton- und\/oder Bilddateien, Fotos, Designs usw.) ist Folgendes untersagt:<\/p>\n<ul>\n<li>Ihre Vervielf\u00e4ltigung, Verbreitung oder \u00c4nderung, es sei denn, es liegt die Genehmigung ihrer rechtm\u00e4\u00dfigen Eigent\u00fcmer\/innen vor oder sie ist gesetzlich zul\u00e4ssig.<\/li>\n<li>Jegliche Verletzung der Rechte von DER TITULAR oder seiner\/ihrer rechtm\u00e4\u00dfigen Eigent\u00fcmer\/innen an denselben.<\/li>\n<li>Ihre Nutzung f\u00fcr alle Arten von kommerziellen oder Werbezwecken, die von den streng erlaubten abweichen.<\/li>\n<li>Jeder Versuch, die Inhalte der Website mit anderen Mitteln als denen, die den\/die Benutzer\/innen zur Verf\u00fcgung gestellt werden, sowie denen, die \u00fcblicherweise im Internet verwendet werden, zu erhalten, sofern diese der Website keinen Schaden zuf\u00fcgen.<\/li>\n<\/ul>\n<h3 style=\"font-size: 16px; font-weight: 600;\">III.- UNILATERALE \u00c4NDERUNG<\/h3>\n<p>DER TITULAR kann einseitig und ohne vorherige Ank\u00fcndigung, wann immer er es f\u00fcr angemessen h\u00e4lt, die Struktur und das Design der Website \u00e4ndern sowie die Dienste, Inhalte und Bedingungen f\u00fcr den Zugriff und\/oder die Nutzung derselben \u00e4ndern oder entfernen.<\/p>\n<h3 style=\"font-size: 16px; font-weight: 600;\">IV.- HYPERLINKS<\/h3>\n<p>Die Einrichtung eines &#8220;Hyperlinks&#8221; zwischen einer Webseite und der Website unterliegt den folgenden Bedingungen:<\/p>\n<ul>\n<li>Die vollst\u00e4ndige oder teilweise Vervielf\u00e4ltigung von Diensten oder Inhalten der Website ist nicht gestattet.<\/li>\n<li>Sofern keine vorherige und ausdr\u00fcckliche Zustimmung vorliegt, darf die Webseite, auf der der Hyperlink eingerichtet wird, keine Marke, keinen Handelsnamen, kein Firmenschild, keine Bezeichnung, kein Logo, keinen Slogan oder andere Unterscheidungszeichen enthalten, die dem TITULAR geh\u00f6ren.<\/li>\n<li>Unter keinen Umst\u00e4nden ist DER TITULAR verantwortlich f\u00fcr die Inhalte oder Dienste, die der \u00d6ffentlichkeit auf der Webseite zur Verf\u00fcgung gestellt werden, von der aus der &#8220;Hyperlink&#8221; hergestellt wird, noch f\u00fcr die darin enthaltenen Informationen und \u00c4u\u00dferungen.<\/li>\n<\/ul>\n<h3 style=\"font-size: 16px; font-weight: 600;\">V. AUSSCHLUSS VON GARANTIEN UND HAFTUNG<\/h3>\n<p>DER TITULAR \u00fcbernimmt keine Garantie und haftet in keinem Fall f\u00fcr Sch\u00e4den und Verluste jeglicher Art, die verursacht werden durch:<\/p>\n<ul>\n<li>Die mangelnde Verf\u00fcgbarkeit, Wartung und effektive Funktion der Website und\/oder ihrer Dienste oder Inhalte.<\/li>\n<li>Die mangelnde N\u00fctzlichkeit, Eignung oder G\u00fcltigkeit der Website und\/oder ihrer Dienste oder Inhalte, um spezifische Bed\u00fcrfnisse, Aktivit\u00e4ten oder Ergebnisse oder Erwartungen der Benutzer zu befriedigen.<\/li>\n<li>Das Vorhandensein von Viren, b\u00f6sartigen oder sch\u00e4dlichen Programmen in den Inhalten.<\/li>\n<li>Der Empfang, die Beschaffung, die Speicherung, die Verbreitung oder die \u00dcbertragung der Inhalte durch die\/den Benutzer\/in.<\/li>\n<li>Die illegale, fahrl\u00e4ssige, betr\u00fcgerische, den vorliegenden Allgemeinen Bedingungen, dem guten Glauben, den allgemein anerkannten Gepflogenheiten oder der \u00f6ffentlichen Ordnung zuwiderlaufende Nutzung der Website, ihrer Dienste oder Inhalte durch die Benutzer.<\/li>\n<li>Die mangelnde Rechtm\u00e4\u00dfigkeit, Qualit\u00e4t, Zuverl\u00e4ssigkeit, N\u00fctzlichkeit und Verf\u00fcgbarkeit der von Dritten erbrachten Dienstleistungen, die den\/die Benutzer\/in auf der Website zur Verf\u00fcgung gestellt werden.<\/li>\n<li>Die Nichterf\u00fcllung der Verpflichtungen oder Zusagen Dritter in Bezug auf die den\/die Benutzer\/in \u00fcber die Website erbrachten Dienstleistungen.<\/li>\n<\/ul>\n<h3 style=\"font-size: 16px; font-weight: 600;\">VI. DAUER <\/h3>\n<p>Die Dauer der Erbringung der Dienstleistung der Website und der Dienste ist unbestimmt.<\/p>\n<p>Unbeschadet des Vorstehenden beh\u00e4lt sich DER TITULAR das Recht vor, die Erbringung der Dienstleistung der Website oder eines der Dienste, die sie integrieren, zu unterbrechen, auszusetzen oder zu beenden, und zwar unter den gleichen Bedingungen, die in der dritten Bedingung aufgef\u00fchrt sind.<\/p>\n<h3 style=\"font-size: 16px; font-weight: 600;\">VII. ANWENDBARES RECHT UND GERICHTSSTAND <\/h3>\n<p>Die vorliegenden Allgemeinen Bedingungen unterliegen dem spanischen Recht.<\/p>\n<p>BIODATA DEVICES, S.L. und der\/die Benutzer\/in unterwerfen sich unter ausdr\u00fccklichem Verzicht auf jede andere Gerichtsbarkeit, die ihnen zustehen k\u00f6nnte, der Gerichtsbarkeit der Gerichte des Wohnsitzes des Benutzers f\u00fcr alle Fragen, die sich aus der Erbringung der Dienstleistung der Website und ihrer Dienste und Inhalte ergeben oder Klagen, die sich aus der Auslegung, Anwendung, Erf\u00fcllung oder Nichterf\u00fcllung der hier festgelegten Bestimmungen ergeben.<\/p>\n<p>F\u00fcr den Fall, dass der\/die Benutzer\/in seinen\/ihren Wohnsitz au\u00dferhalb Spaniens hat, unterwerfen sich BIODATA DEVICES, S.L. und der\/die Benutzer\/in unter ausdr\u00fccklichem Verzicht auf jede andere Gerichtsbarkeit, die ihnen zustehen k\u00f6nnte, der Gerichtsbarkeit der Gerichte von Valladolid.<\/p>\n<h3 style=\"font-size: 18px; font-weight: 600;\">3 ABMELDUNG VON WERBEKOMMUNIKATION<\/h3>\n<p>In \u00dcbereinstimmung mit dem Gesetz 34\/2002 \u00fcber die Dienste der Informationsgesellschaft wird dem Benutzer die M\u00f6glichkeit garantiert, den Erhalt von kommerziellen Informationen innerhalb einer Frist von h\u00f6chstens einem Monat ab dem Zeitpunkt, an dem er seinen Willen per E-Mail an info@biodatadevices.com mitteilt, einzustellen;<\/p>\t\t\t\t\t\t\t\t<\/div>\n\t\t\t\t\t<\/div>\n\t\t\t\t<\/div>\n\t\t\t\t<\/div>\n\t\t","protected":false},"excerpt":{"rendered":"<p>1 GESETZ \u00dcBER DIE DIENSTE DER INFORMATIONSGESELLSCHAFT UND DEN ELEKTRONISCHEN HANDEL In \u00dcbereinstimmung mit den Bestimmungen von Art. 10 des Gesetzes 34\/2002 vom 11. Juli \u00fcber die Dienste der Informationsgesellschaft (L.S.S.I.) werden die folgenden allgemeinen Informationen bekannt gegeben: Die Domain www.biodatadevices.com und www.biodatadevices.es, im Folgenden Website, ist auf den Namen BIODATA DEVICES, S.L. mit Sitz&hellip;<\/p>\n","protected":false},"author":1,"featured_media":0,"parent":0,"menu_order":0,"comment_status":"closed","ping_status":"closed","template":"","meta":{"footnotes":""},"class_list":["post-7310","page","type-page","status-publish","hentry"],"yoast_head":"<!-- This site is optimized with the Yoast SEO plugin v27.3 - https:\/\/yoast.com\/product\/yoast-seo-wordpress\/ -->\n<title>Impressum - Biodata Devices<\/title>\n<meta name=\"robots\" content=\"noindex, nofollow\" \/>\n<meta property=\"og:locale\" content=\"de_DE\" \/>\n<meta property=\"og:type\" content=\"article\" \/>\n<meta property=\"og:title\" content=\"Impressum - Biodata Devices\" \/>\n<meta property=\"og:description\" content=\"1 GESETZ \u00dcBER DIE DIENSTE DER INFORMATIONSGESELLSCHAFT UND DEN ELEKTRONISCHEN HANDEL In \u00dcbereinstimmung mit den Bestimmungen von Art. 10 des Gesetzes 34\/2002 vom 11. Juli \u00fcber die Dienste der Informationsgesellschaft (L.S.S.I.) werden die folgenden allgemeinen Informationen bekannt gegeben: Die Domain www.biodatadevices.com und www.biodatadevices.es, im Folgenden Website, ist auf den Namen BIODATA DEVICES, S.L. mit Sitz&hellip;\" \/>\n<meta property=\"og:url\" content=\"https:\/\/biodatadevices.com\/de\/impressum\/\" \/>\n<meta property=\"og:site_name\" content=\"Biodata Devices\" \/>\n<meta property=\"article:modified_time\" content=\"2026-01-20T16:46:25+00:00\" \/>\n<meta name=\"twitter:card\" content=\"summary_large_image\" \/>\n<meta name=\"twitter:site\" content=\"@BiodataDevices\" \/>\n<meta name=\"twitter:label1\" content=\"Gesch\u00e4tzte Lesezeit\" \/>\n\t<meta name=\"twitter:data1\" content=\"5\u00a0Minuten\" \/>\n<script type=\"application\/ld+json\" class=\"yoast-schema-graph\">{\"@context\":\"https:\\\/\\\/schema.org\",\"@graph\":[{\"@type\":\"WebPage\",\"@id\":\"https:\\\/\\\/biodatadevices.com\\\/de\\\/impressum\\\/\",\"url\":\"https:\\\/\\\/biodatadevices.com\\\/de\\\/impressum\\\/\",\"name\":\"Impressum - Biodata Devices\",\"isPartOf\":{\"@id\":\"https:\\\/\\\/biodatadevices.com\\\/de\\\/#website\"},\"datePublished\":\"2024-06-17T08:02:01+00:00\",\"dateModified\":\"2026-01-20T16:46:25+00:00\",\"breadcrumb\":{\"@id\":\"https:\\\/\\\/biodatadevices.com\\\/de\\\/impressum\\\/#breadcrumb\"},\"inLanguage\":\"de\",\"potentialAction\":[{\"@type\":\"ReadAction\",\"target\":[\"https:\\\/\\\/biodatadevices.com\\\/de\\\/impressum\\\/\"]}]},{\"@type\":\"BreadcrumbList\",\"@id\":\"https:\\\/\\\/biodatadevices.com\\\/de\\\/impressum\\\/#breadcrumb\",\"itemListElement\":[{\"@type\":\"ListItem\",\"position\":1,\"name\":\"Portada\",\"item\":\"https:\\\/\\\/biodatadevices.com\\\/de\\\/\"},{\"@type\":\"ListItem\",\"position\":2,\"name\":\"Impressum\"}]},{\"@type\":\"WebSite\",\"@id\":\"https:\\\/\\\/biodatadevices.com\\\/de\\\/#website\",\"url\":\"https:\\\/\\\/biodatadevices.com\\\/de\\\/\",\"name\":\"Biodata Devices\",\"description\":\"\",\"publisher\":{\"@id\":\"https:\\\/\\\/biodatadevices.com\\\/de\\\/#organization\"},\"potentialAction\":[{\"@type\":\"SearchAction\",\"target\":{\"@type\":\"EntryPoint\",\"urlTemplate\":\"https:\\\/\\\/biodatadevices.com\\\/de\\\/?s={search_term_string}\"},\"query-input\":{\"@type\":\"PropertyValueSpecification\",\"valueRequired\":true,\"valueName\":\"search_term_string\"}}],\"inLanguage\":\"de\"},{\"@type\":\"Organization\",\"@id\":\"https:\\\/\\\/biodatadevices.com\\\/de\\\/#organization\",\"name\":\"Biodata Devices\",\"url\":\"https:\\\/\\\/biodatadevices.com\\\/de\\\/\",\"logo\":{\"@type\":\"ImageObject\",\"inLanguage\":\"de\",\"@id\":\"https:\\\/\\\/biodatadevices.com\\\/de\\\/#\\\/schema\\\/logo\\\/image\\\/\",\"url\":\"https:\\\/\\\/biodatadevices.com\\\/wp-content\\\/uploads\\\/2021\\\/12\\\/logo-biodata-devices.png\",\"contentUrl\":\"https:\\\/\\\/biodatadevices.com\\\/wp-content\\\/uploads\\\/2021\\\/12\\\/logo-biodata-devices.png\",\"width\":322,\"height\":245,\"caption\":\"Biodata Devices\"},\"image\":{\"@id\":\"https:\\\/\\\/biodatadevices.com\\\/de\\\/#\\\/schema\\\/logo\\\/image\\\/\"},\"sameAs\":[\"https:\\\/\\\/x.com\\\/BiodataDevices\",\"https:\\\/\\\/www.linkedin.com\\\/in\\\/biodata-devices\\\/\"]}]}<\/script>\n<!-- \/ Yoast SEO plugin. -->","yoast_head_json":{"title":"Impressum - Biodata Devices","robots":{"index":"noindex","follow":"nofollow"},"og_locale":"de_DE","og_type":"article","og_title":"Impressum - Biodata Devices","og_description":"1 GESETZ \u00dcBER DIE DIENSTE DER INFORMATIONSGESELLSCHAFT UND DEN ELEKTRONISCHEN HANDEL In \u00dcbereinstimmung mit den Bestimmungen von Art. 10 des Gesetzes 34\/2002 vom 11. Juli \u00fcber die Dienste der Informationsgesellschaft (L.S.S.I.) werden die folgenden allgemeinen Informationen bekannt gegeben: Die Domain www.biodatadevices.com und www.biodatadevices.es, im Folgenden Website, ist auf den Namen BIODATA DEVICES, S.L. mit Sitz&hellip;","og_url":"https:\/\/biodatadevices.com\/de\/impressum\/","og_site_name":"Biodata Devices","article_modified_time":"2026-01-20T16:46:25+00:00","twitter_card":"summary_large_image","twitter_site":"@BiodataDevices","twitter_misc":{"Gesch\u00e4tzte Lesezeit":"5\u00a0Minuten"},"schema":{"@context":"https:\/\/schema.org","@graph":[{"@type":"WebPage","@id":"https:\/\/biodatadevices.com\/de\/impressum\/","url":"https:\/\/biodatadevices.com\/de\/impressum\/","name":"Impressum - Biodata Devices","isPartOf":{"@id":"https:\/\/biodatadevices.com\/de\/#website"},"datePublished":"2024-06-17T08:02:01+00:00","dateModified":"2026-01-20T16:46:25+00:00","breadcrumb":{"@id":"https:\/\/biodatadevices.com\/de\/impressum\/#breadcrumb"},"inLanguage":"de","potentialAction":[{"@type":"ReadAction","target":["https:\/\/biodatadevices.com\/de\/impressum\/"]}]},{"@type":"BreadcrumbList","@id":"https:\/\/biodatadevices.com\/de\/impressum\/#breadcrumb","itemListElement":[{"@type":"ListItem","position":1,"name":"Portada","item":"https:\/\/biodatadevices.com\/de\/"},{"@type":"ListItem","position":2,"name":"Impressum"}]},{"@type":"WebSite","@id":"https:\/\/biodatadevices.com\/de\/#website","url":"https:\/\/biodatadevices.com\/de\/","name":"Biodata Devices","description":"","publisher":{"@id":"https:\/\/biodatadevices.com\/de\/#organization"},"potentialAction":[{"@type":"SearchAction","target":{"@type":"EntryPoint","urlTemplate":"https:\/\/biodatadevices.com\/de\/?s={search_term_string}"},"query-input":{"@type":"PropertyValueSpecification","valueRequired":true,"valueName":"search_term_string"}}],"inLanguage":"de"},{"@type":"Organization","@id":"https:\/\/biodatadevices.com\/de\/#organization","name":"Biodata Devices","url":"https:\/\/biodatadevices.com\/de\/","logo":{"@type":"ImageObject","inLanguage":"de","@id":"https:\/\/biodatadevices.com\/de\/#\/schema\/logo\/image\/","url":"https:\/\/biodatadevices.com\/wp-content\/uploads\/2021\/12\/logo-biodata-devices.png","contentUrl":"https:\/\/biodatadevices.com\/wp-content\/uploads\/2021\/12\/logo-biodata-devices.png","width":322,"height":245,"caption":"Biodata Devices"},"image":{"@id":"https:\/\/biodatadevices.com\/de\/#\/schema\/logo\/image\/"},"sameAs":["https:\/\/x.com\/BiodataDevices","https:\/\/www.linkedin.com\/in\/biodata-devices\/"]}]}},"_links":{"self":[{"href":"https:\/\/biodatadevices.com\/de\/wp-json\/wp\/v2\/pages\/7310","targetHints":{"allow":["GET"]}}],"collection":[{"href":"https:\/\/biodatadevices.com\/de\/wp-json\/wp\/v2\/pages"}],"about":[{"href":"https:\/\/biodatadevices.com\/de\/wp-json\/wp\/v2\/types\/page"}],"author":[{"embeddable":true,"href":"https:\/\/biodatadevices.com\/de\/wp-json\/wp\/v2\/users\/1"}],"replies":[{"embeddable":true,"href":"https:\/\/biodatadevices.com\/de\/wp-json\/wp\/v2\/comments?post=7310"}],"version-history":[{"count":0,"href":"https:\/\/biodatadevices.com\/de\/wp-json\/wp\/v2\/pages\/7310\/revisions"}],"wp:attachment":[{"href":"https:\/\/biodatadevices.com\/de\/wp-json\/wp\/v2\/media?parent=7310"}],"curies":[{"name":"wp","href":"https:\/\/api.w.org\/{rel}","templated":true}]}}