{"id":7253,"date":"2020-02-05T09:12:28","date_gmt":"2020-02-05T08:12:28","guid":{"rendered":"https:\/\/biodatadevices.com\/nachrichten\/"},"modified":"2026-01-20T17:44:44","modified_gmt":"2026-01-20T16:44:44","slug":"nachrichten","status":"publish","type":"page","link":"https:\/\/biodatadevices.com\/de\/nachrichten\/","title":{"rendered":"Nachrichten"},"content":{"rendered":"\t\t<div data-elementor-type=\"wp-page\" data-elementor-id=\"7253\" class=\"elementor elementor-7253 elementor-349\" data-elementor-post-type=\"page\">\n\t\t\t\t<div class=\"elementor-element elementor-element-c83e887 e-flex e-con-boxed e-con e-parent\" data-id=\"c83e887\" data-element_type=\"container\" data-e-type=\"container\">\n\t\t\t\t\t<div class=\"e-con-inner\">\n\t\t\t\t<div class=\"elementor-element elementor-element-26a421c animated-slow elementor-invisible elementor-widget elementor-widget-text-editor\" data-id=\"26a421c\" data-element_type=\"widget\" data-e-type=\"widget\" data-settings=\"{&quot;_animation&quot;:&quot;fadeIn&quot;}\" data-widget_type=\"text-editor.default\">\n\t\t\t\t\t\t\t\t\t<p>Willkommen im Nachrichtenbereich. Hier finden Sie Fachartikel \u00fcber unsere medizinischen Stationen sowie relevante Nachrichten aus der Branche. Wir teilen auch inspirierende Erfolgsgeschichten von Patienten, die dank unserer L\u00f6sungen ihre Lebensqualit\u00e4t verbessert haben. Unser Ziel ist es, Sie auf dem Laufenden zu halten und Ihnen wertvolle und aktuelle Inhalte \u00fcber technologische Fortschritte, Innovationen im Gesundheitswesen und echte Erfahrungsberichte zu bieten. Entdecken Sie unsere Nachrichten und erfahren Sie, wie wir in der Welt der Medizin etwas bewegen. Vielen Dank f\u00fcr Ihren Besuch und dass Sie sich \u00fcber unsere Neuigkeiten informieren!     <\/p>\t\t\t\t\t\t\t\t<\/div>\n\t\t\t\t\t<\/div>\n\t\t\t\t<\/div>\n\t\t\t\t<section class=\"elementor-section elementor-top-section elementor-element elementor-element-2cc78cf elementor-section-boxed elementor-section-height-default elementor-section-height-default\" data-id=\"2cc78cf\" data-element_type=\"section\" data-e-type=\"section\">\n\t\t\t\t\t\t<div class=\"elementor-container elementor-column-gap-wider\">\n\t\t\t\t\t<div class=\"elementor-column elementor-col-100 elementor-top-column elementor-element elementor-element-72b1638\" data-id=\"72b1638\" data-element_type=\"column\" data-e-type=\"column\">\n\t\t\t<div class=\"elementor-widget-wrap elementor-element-populated\">\n\t\t\t\t\t\t<div class=\"elementor-element elementor-element-db1dbf0 elementor-widget elementor-widget-spacer\" data-id=\"db1dbf0\" data-element_type=\"widget\" data-e-type=\"widget\" data-widget_type=\"spacer.default\">\n\t\t\t\t\t\t\t<div class=\"elementor-spacer\">\n\t\t\t<div class=\"elementor-spacer-inner\"><\/div>\n\t\t<\/div>\n\t\t\t\t\t\t<\/div>\n\t\t\t\t\t<\/div>\n\t\t<\/div>\n\t\t\t\t\t<\/div>\n\t\t<\/section>\n\t\t\t\t<\/div>\n\t\t","protected":false},"excerpt":{"rendered":"<p>Willkommen im Nachrichtenbereich. Hier finden Sie Fachartikel \u00fcber unsere medizinischen Stationen sowie relevante Nachrichten aus der Branche. Wir teilen auch inspirierende Erfolgsgeschichten von Patienten, die dank unserer L\u00f6sungen ihre Lebensqualit\u00e4t verbessert haben. Unser Ziel ist es, Sie auf dem Laufenden zu halten und Ihnen wertvolle und aktuelle Inhalte \u00fcber technologische Fortschritte, Innovationen im Gesundheitswesen und&hellip;<\/p>\n","protected":false},"author":1,"featured_media":7254,"parent":0,"menu_order":50,"comment_status":"closed","ping_status":"closed","template":"","meta":{"footnotes":""},"class_list":["post-7253","page","type-page","status-publish","has-post-thumbnail","hentry"],"yoast_head":"<!-- This site is optimized with the Yoast SEO plugin v27.3 - https:\/\/yoast.com\/product\/yoast-seo-wordpress\/ -->\n<title>biodata devices | Telemedizin-Nachrichten<\/title>\n<meta name=\"description\" content=\"Bleiben Sie \u00fcber die neuesten Entwicklungen in der Telemedizin auf dem Laufenden. biodata devices bietet Ihnen Nachrichten, Veranstaltungen und Trends aus der Branche.\" \/>\n<meta name=\"robots\" content=\"index, follow, max-snippet:-1, max-image-preview:large, max-video-preview:-1\" \/>\n<link rel=\"canonical\" href=\"https:\/\/biodatadevices.com\/de\/nachrichten\/\" \/>\n<meta property=\"og:locale\" content=\"de_DE\" \/>\n<meta property=\"og:type\" content=\"article\" \/>\n<meta property=\"og:title\" content=\"biodata devices | Telemedizin-Nachrichten\" \/>\n<meta property=\"og:description\" content=\"Bleiben Sie \u00fcber die neuesten Entwicklungen in der Telemedizin auf dem Laufenden. biodata devices bietet Ihnen Nachrichten, Veranstaltungen und Trends aus der Branche.\" \/>\n<meta property=\"og:url\" content=\"https:\/\/biodatadevices.com\/de\/nachrichten\/\" \/>\n<meta property=\"og:site_name\" content=\"Biodata Devices\" \/>\n<meta property=\"article:modified_time\" content=\"2026-01-20T16:44:44+00:00\" \/>\n<meta property=\"og:image\" content=\"https:\/\/biodatadevices.com\/wp-content\/uploads\/2024\/06\/banner-titulo-blog-y-casos-de-exito.webp\" \/>\n\t<meta property=\"og:image:width\" content=\"1920\" \/>\n\t<meta property=\"og:image:height\" content=\"480\" \/>\n\t<meta property=\"og:image:type\" content=\"image\/jpeg\" \/>\n<meta name=\"twitter:card\" content=\"summary_large_image\" \/>\n<meta name=\"twitter:site\" content=\"@BiodataDevices\" \/>\n<script type=\"application\/ld+json\" class=\"yoast-schema-graph\">{\"@context\":\"https:\\\/\\\/schema.org\",\"@graph\":[{\"@type\":\"WebPage\",\"@id\":\"https:\\\/\\\/biodatadevices.com\\\/de\\\/nachrichten\\\/\",\"url\":\"https:\\\/\\\/biodatadevices.com\\\/de\\\/nachrichten\\\/\",\"name\":\"biodata devices | Telemedizin-Nachrichten\",\"isPartOf\":{\"@id\":\"https:\\\/\\\/biodatadevices.com\\\/de\\\/#website\"},\"primaryImageOfPage\":{\"@id\":\"https:\\\/\\\/biodatadevices.com\\\/de\\\/nachrichten\\\/#primaryimage\"},\"image\":{\"@id\":\"https:\\\/\\\/biodatadevices.com\\\/de\\\/nachrichten\\\/#primaryimage\"},\"thumbnailUrl\":\"https:\\\/\\\/biodatadevices.com\\\/wp-content\\\/uploads\\\/2024\\\/06\\\/banner-titulo-blog-y-casos-de-exito.webp\",\"datePublished\":\"2020-02-05T08:12:28+00:00\",\"dateModified\":\"2026-01-20T16:44:44+00:00\",\"description\":\"Bleiben Sie \u00fcber die neuesten Entwicklungen in der Telemedizin auf dem Laufenden. biodata devices bietet Ihnen Nachrichten, Veranstaltungen und Trends aus der Branche.\",\"breadcrumb\":{\"@id\":\"https:\\\/\\\/biodatadevices.com\\\/de\\\/nachrichten\\\/#breadcrumb\"},\"inLanguage\":\"de\",\"potentialAction\":[{\"@type\":\"ReadAction\",\"target\":[\"https:\\\/\\\/biodatadevices.com\\\/de\\\/nachrichten\\\/\"]}]},{\"@type\":\"ImageObject\",\"inLanguage\":\"de\",\"@id\":\"https:\\\/\\\/biodatadevices.com\\\/de\\\/nachrichten\\\/#primaryimage\",\"url\":\"https:\\\/\\\/biodatadevices.com\\\/wp-content\\\/uploads\\\/2024\\\/06\\\/banner-titulo-blog-y-casos-de-exito.webp\",\"contentUrl\":\"https:\\\/\\\/biodatadevices.com\\\/wp-content\\\/uploads\\\/2024\\\/06\\\/banner-titulo-blog-y-casos-de-exito.webp\",\"width\":1920,\"height\":480},{\"@type\":\"BreadcrumbList\",\"@id\":\"https:\\\/\\\/biodatadevices.com\\\/de\\\/nachrichten\\\/#breadcrumb\",\"itemListElement\":[{\"@type\":\"ListItem\",\"position\":1,\"name\":\"Portada\",\"item\":\"https:\\\/\\\/biodatadevices.com\\\/de\\\/\"},{\"@type\":\"ListItem\",\"position\":2,\"name\":\"Nachrichten\"}]},{\"@type\":\"WebSite\",\"@id\":\"https:\\\/\\\/biodatadevices.com\\\/de\\\/#website\",\"url\":\"https:\\\/\\\/biodatadevices.com\\\/de\\\/\",\"name\":\"Biodata Devices\",\"description\":\"\",\"publisher\":{\"@id\":\"https:\\\/\\\/biodatadevices.com\\\/de\\\/#organization\"},\"potentialAction\":[{\"@type\":\"SearchAction\",\"target\":{\"@type\":\"EntryPoint\",\"urlTemplate\":\"https:\\\/\\\/biodatadevices.com\\\/de\\\/?s={search_term_string}\"},\"query-input\":{\"@type\":\"PropertyValueSpecification\",\"valueRequired\":true,\"valueName\":\"search_term_string\"}}],\"inLanguage\":\"de\"},{\"@type\":\"Organization\",\"@id\":\"https:\\\/\\\/biodatadevices.com\\\/de\\\/#organization\",\"name\":\"Biodata Devices\",\"url\":\"https:\\\/\\\/biodatadevices.com\\\/de\\\/\",\"logo\":{\"@type\":\"ImageObject\",\"inLanguage\":\"de\",\"@id\":\"https:\\\/\\\/biodatadevices.com\\\/de\\\/#\\\/schema\\\/logo\\\/image\\\/\",\"url\":\"https:\\\/\\\/biodatadevices.com\\\/wp-content\\\/uploads\\\/2021\\\/12\\\/logo-biodata-devices.png\",\"contentUrl\":\"https:\\\/\\\/biodatadevices.com\\\/wp-content\\\/uploads\\\/2021\\\/12\\\/logo-biodata-devices.png\",\"width\":322,\"height\":245,\"caption\":\"Biodata Devices\"},\"image\":{\"@id\":\"https:\\\/\\\/biodatadevices.com\\\/de\\\/#\\\/schema\\\/logo\\\/image\\\/\"},\"sameAs\":[\"https:\\\/\\\/x.com\\\/BiodataDevices\",\"https:\\\/\\\/www.linkedin.com\\\/in\\\/biodata-devices\\\/\"]}]}<\/script>\n<!-- \/ Yoast SEO plugin. -->","yoast_head_json":{"title":"biodata devices | Telemedizin-Nachrichten","description":"Bleiben Sie \u00fcber die neuesten Entwicklungen in der Telemedizin auf dem Laufenden. biodata devices bietet Ihnen Nachrichten, Veranstaltungen und Trends aus der Branche.","robots":{"index":"index","follow":"follow","max-snippet":"max-snippet:-1","max-image-preview":"max-image-preview:large","max-video-preview":"max-video-preview:-1"},"canonical":"https:\/\/biodatadevices.com\/de\/nachrichten\/","og_locale":"de_DE","og_type":"article","og_title":"biodata devices | Telemedizin-Nachrichten","og_description":"Bleiben Sie \u00fcber die neuesten Entwicklungen in der Telemedizin auf dem Laufenden. biodata devices bietet Ihnen Nachrichten, Veranstaltungen und Trends aus der Branche.","og_url":"https:\/\/biodatadevices.com\/de\/nachrichten\/","og_site_name":"Biodata Devices","article_modified_time":"2026-01-20T16:44:44+00:00","og_image":[{"width":1920,"height":480,"url":"https:\/\/biodatadevices.com\/wp-content\/uploads\/2024\/06\/banner-titulo-blog-y-casos-de-exito.webp","type":"image\/jpeg"}],"twitter_card":"summary_large_image","twitter_site":"@BiodataDevices","schema":{"@context":"https:\/\/schema.org","@graph":[{"@type":"WebPage","@id":"https:\/\/biodatadevices.com\/de\/nachrichten\/","url":"https:\/\/biodatadevices.com\/de\/nachrichten\/","name":"biodata devices | Telemedizin-Nachrichten","isPartOf":{"@id":"https:\/\/biodatadevices.com\/de\/#website"},"primaryImageOfPage":{"@id":"https:\/\/biodatadevices.com\/de\/nachrichten\/#primaryimage"},"image":{"@id":"https:\/\/biodatadevices.com\/de\/nachrichten\/#primaryimage"},"thumbnailUrl":"https:\/\/biodatadevices.com\/wp-content\/uploads\/2024\/06\/banner-titulo-blog-y-casos-de-exito.webp","datePublished":"2020-02-05T08:12:28+00:00","dateModified":"2026-01-20T16:44:44+00:00","description":"Bleiben Sie \u00fcber die neuesten Entwicklungen in der Telemedizin auf dem Laufenden. biodata devices bietet Ihnen Nachrichten, Veranstaltungen und Trends aus der Branche.","breadcrumb":{"@id":"https:\/\/biodatadevices.com\/de\/nachrichten\/#breadcrumb"},"inLanguage":"de","potentialAction":[{"@type":"ReadAction","target":["https:\/\/biodatadevices.com\/de\/nachrichten\/"]}]},{"@type":"ImageObject","inLanguage":"de","@id":"https:\/\/biodatadevices.com\/de\/nachrichten\/#primaryimage","url":"https:\/\/biodatadevices.com\/wp-content\/uploads\/2024\/06\/banner-titulo-blog-y-casos-de-exito.webp","contentUrl":"https:\/\/biodatadevices.com\/wp-content\/uploads\/2024\/06\/banner-titulo-blog-y-casos-de-exito.webp","width":1920,"height":480},{"@type":"BreadcrumbList","@id":"https:\/\/biodatadevices.com\/de\/nachrichten\/#breadcrumb","itemListElement":[{"@type":"ListItem","position":1,"name":"Portada","item":"https:\/\/biodatadevices.com\/de\/"},{"@type":"ListItem","position":2,"name":"Nachrichten"}]},{"@type":"WebSite","@id":"https:\/\/biodatadevices.com\/de\/#website","url":"https:\/\/biodatadevices.com\/de\/","name":"Biodata Devices","description":"","publisher":{"@id":"https:\/\/biodatadevices.com\/de\/#organization"},"potentialAction":[{"@type":"SearchAction","target":{"@type":"EntryPoint","urlTemplate":"https:\/\/biodatadevices.com\/de\/?s={search_term_string}"},"query-input":{"@type":"PropertyValueSpecification","valueRequired":true,"valueName":"search_term_string"}}],"inLanguage":"de"},{"@type":"Organization","@id":"https:\/\/biodatadevices.com\/de\/#organization","name":"Biodata Devices","url":"https:\/\/biodatadevices.com\/de\/","logo":{"@type":"ImageObject","inLanguage":"de","@id":"https:\/\/biodatadevices.com\/de\/#\/schema\/logo\/image\/","url":"https:\/\/biodatadevices.com\/wp-content\/uploads\/2021\/12\/logo-biodata-devices.png","contentUrl":"https:\/\/biodatadevices.com\/wp-content\/uploads\/2021\/12\/logo-biodata-devices.png","width":322,"height":245,"caption":"Biodata Devices"},"image":{"@id":"https:\/\/biodatadevices.com\/de\/#\/schema\/logo\/image\/"},"sameAs":["https:\/\/x.com\/BiodataDevices","https:\/\/www.linkedin.com\/in\/biodata-devices\/"]}]}},"_links":{"self":[{"href":"https:\/\/biodatadevices.com\/de\/wp-json\/wp\/v2\/pages\/7253","targetHints":{"allow":["GET"]}}],"collection":[{"href":"https:\/\/biodatadevices.com\/de\/wp-json\/wp\/v2\/pages"}],"about":[{"href":"https:\/\/biodatadevices.com\/de\/wp-json\/wp\/v2\/types\/page"}],"author":[{"embeddable":true,"href":"https:\/\/biodatadevices.com\/de\/wp-json\/wp\/v2\/users\/1"}],"replies":[{"embeddable":true,"href":"https:\/\/biodatadevices.com\/de\/wp-json\/wp\/v2\/comments?post=7253"}],"version-history":[{"count":0,"href":"https:\/\/biodatadevices.com\/de\/wp-json\/wp\/v2\/pages\/7253\/revisions"}],"wp:featuredmedia":[{"embeddable":true,"href":"https:\/\/biodatadevices.com\/de\/wp-json\/wp\/v2\/media\/7254"}],"wp:attachment":[{"href":"https:\/\/biodatadevices.com\/de\/wp-json\/wp\/v2\/media?parent=7253"}],"curies":[{"name":"wp","href":"https:\/\/api.w.org\/{rel}","templated":true}]}}