{"id":7195,"date":"2024-02-18T16:40:01","date_gmt":"2024-02-18T15:40:01","guid":{"rendered":"https:\/\/biodatadevices.com\/lifehub-architektur\/"},"modified":"2026-01-20T17:43:05","modified_gmt":"2026-01-20T16:43:05","slug":"lifehub-architektur","status":"publish","type":"page","link":"https:\/\/biodatadevices.com\/de\/lifehub-architektur\/","title":{"rendered":"Lifehub-Architektur"},"content":{"rendered":"\t\t<div data-elementor-type=\"wp-page\" data-elementor-id=\"7195\" class=\"elementor elementor-7195 elementor-4052\" data-elementor-post-type=\"page\">\n\t\t\t\t<div class=\"elementor-element elementor-element-71e2accd e-flex e-con-boxed e-con e-parent\" data-id=\"71e2accd\" data-element_type=\"container\" data-e-type=\"container\">\n\t\t\t\t\t<div class=\"e-con-inner\">\n\t\t\t\t<div class=\"elementor-element elementor-element-64e687a0 elementor-widget elementor-widget-heading\" data-id=\"64e687a0\" data-element_type=\"widget\" data-e-type=\"widget\" data-widget_type=\"heading.default\">\n\t\t\t\t\t<h2 class=\"elementor-heading-title elementor-size-default\"><strong><span style=\"color:#6FA73B\">Modulare Innovation in der <\/span><span style=\"color:#1C93E3\">Telemedizin<\/span><\/strong><\/h2>\t\t\t\t<\/div>\n\t\t\t\t<div class=\"elementor-element elementor-element-045756a elementor-widget elementor-widget-text-editor\" data-id=\"045756a\" data-element_type=\"widget\" data-e-type=\"widget\" data-widget_type=\"text-editor.default\">\n\t\t\t\t\t\t\t\t\t<p>Die Lifehub-Architektur ist eine fortschrittliche Plattform, die entwickelt wurde, um flexible, skalierbare und leistungsstarke Telemedizinl\u00f6sungen anzubieten, die sich an die unterschiedlichen Bed\u00fcrfnisse des modernen Gesundheitswesens anpassen. Ihr modularer Ansatz bietet medizinischem Fachpersonal leistungsstarke technologische Werkzeuge f\u00fcr die \u00dcberwachung, Diagnose und Verwaltung klinischer Daten, unabh\u00e4ngig vom jeweiligen Patientenumfeld. <\/p>\t\t\t\t\t\t\t\t<\/div>\n\t\t\t\t\t<\/div>\n\t\t\t\t<\/div>\n\t\t<div class=\"elementor-element elementor-element-15d7c54 e-flex e-con-boxed e-con e-parent\" data-id=\"15d7c54\" data-element_type=\"container\" data-e-type=\"container\">\n\t\t\t\t\t<div class=\"e-con-inner\">\n\t\t\t\t<div class=\"elementor-element elementor-element-709aafa elementor-widget elementor-widget-heading\" data-id=\"709aafa\" data-element_type=\"widget\" data-e-type=\"widget\" data-widget_type=\"heading.default\">\n\t\t\t\t\t<h2 class=\"elementor-heading-title elementor-size-default\"><strong><span style=\"color:#6FA73B\">Flexibilit\u00e4t und modulare <\/span><span style=\"color:#1C93E3\">Skalierbarkeit<\/span><\/strong><\/h2>\t\t\t\t<\/div>\n\t\t\t\t<div class=\"elementor-element elementor-element-2212a88 elementor-widget elementor-widget-text-editor\" data-id=\"2212a88\" data-element_type=\"widget\" data-e-type=\"widget\" data-widget_type=\"text-editor.default\">\n\t\t\t\t\t\t\t\t\t<p>Lifehub basiert auf einem modularen Modell, das die Integration sowohl unserer als auch der Sonden anderer Hersteller erm\u00f6glicht und sich an die spezifischen Bed\u00fcrfnisse der jeweiligen Umgebung oder medizinischen Fachrichtung anpasst. Diese Flexibilit\u00e4t erleichtert die Anpassung der \u00dcberwachungsstation und erm\u00f6glicht es Fachleuten, das System mit den f\u00fcr die jeweilige Situation am besten geeigneten Ger\u00e4ten zu konfigurieren. <\/p><p>Diese modulare F\u00e4higkeit optimiert nicht nur die medizinische Versorgung, indem sie pr\u00e4zise Diagnosen an jedem Ort erm\u00f6glicht, sondern stellt auch sicher, dass das System problemlos mit neuen medizinischen Technologien und zuk\u00fcnftigen Anwendungen aktualisiert werden kann, was einen klaren Weg zur kontinuierlichen Expansion und Modernisierung bietet.<\/p>\t\t\t\t\t\t\t\t<\/div>\n\t\t\t\t\t<\/div>\n\t\t\t\t<\/div>\n\t\t<div class=\"elementor-element elementor-element-e6159d1 e-flex e-con-boxed e-con e-parent\" data-id=\"e6159d1\" data-element_type=\"container\" data-e-type=\"container\">\n\t\t\t\t\t<div class=\"e-con-inner\">\n\t\t\t\t<div class=\"elementor-element elementor-element-85a40c5 elementor-widget elementor-widget-heading\" data-id=\"85a40c5\" data-element_type=\"widget\" data-e-type=\"widget\" data-widget_type=\"heading.default\">\n\t\t\t\t\t<h2 class=\"elementor-heading-title elementor-size-default\"><strong><span style=\"color:#6FA73B\">Interoperabilit\u00e4t und <\/span><span style=\"color:#1C93E3\">fortschrittliche Konnektivit\u00e4t<\/span><\/strong><\/h2>\t\t\t\t<\/div>\n\t\t\t\t<div class=\"elementor-element elementor-element-5e8aca7 elementor-widget elementor-widget-text-editor\" data-id=\"5e8aca7\" data-element_type=\"widget\" data-e-type=\"widget\" data-widget_type=\"text-editor.default\">\n\t\t\t\t\t\t\t\t\t<p>Eine der grundlegenden S\u00e4ulen der Lifehub-Architektur ist ihre Interoperabilit\u00e4t. Lifehub l\u00e4sst sich vollst\u00e4ndig in bestehende Gesundheitsinformationssysteme und andere Patienten\u00fcberwachungsplattformen integrieren und gew\u00e4hrleistet so eine reibungslose und sichere \u00dcbertragung medizinischer Daten in Echtzeit. <\/p><p>Dank der Einf\u00fchrung internationaler Interoperabilit\u00e4tsstandards wie HL7 und FHIR kann Lifehub mit anderen Gesundheitssystemen kommunizieren und sich mit ihnen synchronisieren, wodurch sichergestellt wird, dass Fachkr\u00e4fte jederzeit und von jedem Ort aus auf Patienteninformationen zugreifen und diese aktualisieren k\u00f6nnen.<\/p>\t\t\t\t\t\t\t\t<\/div>\n\t\t\t\t\t<\/div>\n\t\t\t\t<\/div>\n\t\t<div class=\"elementor-element elementor-element-2f8c5db e-flex e-con-boxed e-con e-parent\" data-id=\"2f8c5db\" data-element_type=\"container\" data-e-type=\"container\">\n\t\t\t\t\t<div class=\"e-con-inner\">\n\t\t\t\t<div class=\"elementor-element elementor-element-82436e1 elementor-widget elementor-widget-heading\" data-id=\"82436e1\" data-element_type=\"widget\" data-e-type=\"widget\" data-widget_type=\"heading.default\">\n\t\t\t\t\t<h2 class=\"elementor-heading-title elementor-size-default\"><strong><span style=\"color:#6FA73B\">Portabilit\u00e4t und flexible <\/span><span style=\"color:#1C93E3\">Konnektivit\u00e4t<\/span><\/strong><\/h2>\t\t\t\t<\/div>\n\t\t\t\t<div class=\"elementor-element elementor-element-e1c9d89 elementor-widget elementor-widget-text-editor\" data-id=\"e1c9d89\" data-element_type=\"widget\" data-e-type=\"widget\" data-widget_type=\"text-editor.default\">\n\t\t\t\t\t\t\t\t\t<p>Lifehub ist f\u00fcr den Einsatz in einer Vielzahl von Umgebungen konzipiert, von Krankenh\u00e4usern bis hin zur h\u00e4uslichen Pflege. Seine F\u00e4higkeit, sowohl im Online- als auch im Offline-Modus zu arbeiten, erm\u00f6glicht die lokale Speicherung von Daten, wenn keine Verbindung verf\u00fcgbar ist, und die automatische Synchronisierung, sobald die Verbindung wiederhergestellt ist. Dies gew\u00e4hrleistet eine kontinuierliche medizinische Versorgung, auch in l\u00e4ndlichen Gebieten oder Gebieten mit geringer Netzabdeckung, wodurch die Zug\u00e4nglichkeit des Systems in jedem Kontext verbessert wird.  <\/p>\t\t\t\t\t\t\t\t<\/div>\n\t\t\t\t\t<\/div>\n\t\t\t\t<\/div>\n\t\t<div class=\"elementor-element elementor-element-a8f847b e-flex e-con-boxed e-con e-parent\" data-id=\"a8f847b\" data-element_type=\"container\" data-e-type=\"container\">\n\t\t\t\t\t<div class=\"e-con-inner\">\n\t\t\t\t<div class=\"elementor-element elementor-element-7696589 elementor-widget elementor-widget-heading\" data-id=\"7696589\" data-element_type=\"widget\" data-e-type=\"widget\" data-widget_type=\"heading.default\">\n\t\t\t\t\t<h2 class=\"elementor-heading-title elementor-size-default\"><strong><span style=\"color:#6FA73B\">Sicherheit und <\/span><span style=\"color:#1C93E3\">Einhaltung von Vorschriften<\/span><\/strong><\/h2>\t\t\t\t<\/div>\n\t\t\t\t<div class=\"elementor-element elementor-element-9c115e8 elementor-widget elementor-widget-text-editor\" data-id=\"9c115e8\" data-element_type=\"widget\" data-e-type=\"widget\" data-widget_type=\"text-editor.default\">\n\t\t\t\t\t\t\t\t\t<p>Lifehub garantiert den Datenschutz durch fortschrittliche Verschl\u00fcsselungs- und Authentifizierungsprotokolle und erf\u00fcllt zudem die strengsten Gesundheitsvorschriften. Es ist ein zugelassenes Medizinprodukt der Klasse IIa, das der Europ\u00e4ischen Medizinprodukteverordnung (MDR) entspricht. Auf diese Weise wird die Privatsph\u00e4re der Patienten gew\u00e4hrleistet und den Angeh\u00f6rigen der Gesundheitsberufe eine sichere und zuverl\u00e4ssige Plattform geboten. <\/p>\t\t\t\t\t\t\t\t<\/div>\n\t\t\t\t\t<\/div>\n\t\t\t\t<\/div>\n\t\t<div class=\"elementor-element elementor-element-c4a5a2f e-flex e-con-boxed e-con e-parent\" data-id=\"c4a5a2f\" data-element_type=\"container\" data-e-type=\"container\">\n\t\t\t\t\t<div class=\"e-con-inner\">\n\t\t\t\t<div class=\"elementor-element elementor-element-0d4a31d elementor-widget elementor-widget-heading\" data-id=\"0d4a31d\" data-element_type=\"widget\" data-e-type=\"widget\" data-widget_type=\"heading.default\">\n\t\t\t\t\t<h2 class=\"elementor-heading-title elementor-size-default\"><strong><span style=\"color:#6FA73B\">K\u00fcnstliche Intelligenz und <\/span><span style=\"color:#1C93E3\">vorausschauende Analysen<\/span><\/strong><\/h2>\t\t\t\t<\/div>\n\t\t\t\t<div class=\"elementor-element elementor-element-66d2875 elementor-widget elementor-widget-text-editor\" data-id=\"66d2875\" data-element_type=\"widget\" data-e-type=\"widget\" data-widget_type=\"text-editor.default\">\n\t\t\t\t\t\t\t\t\t<p>Mit einer Architektur, die f\u00fcr die Integration von Diensten der k\u00fcnstlichen Intelligenz (KI) vorbereitet ist, ist die Architektur in der Lage, auf der Grundlage der gemeinsam genutzten Daten pr\u00e4diktive Analysen durchzuf\u00fchren und so die medizinischen Diagnosen zu verbessern. Die Integration von KI-Anwendungen erm\u00f6glicht die Identifizierung von Gesundheitsmustern und die Erstellung von datengest\u00fctzten Empfehlungen, was eine st\u00e4rker personalisierte und proaktive medizinische Versorgung erm\u00f6glicht. <\/p>\t\t\t\t\t\t\t\t<\/div>\n\t\t\t\t\t<\/div>\n\t\t\t\t<\/div>\n\t\t<div class=\"elementor-element elementor-element-f650e40 e-flex e-con-boxed e-con e-parent\" data-id=\"f650e40\" data-element_type=\"container\" data-e-type=\"container\">\n\t\t\t\t\t<div class=\"e-con-inner\">\n\t\t\t\t<div class=\"elementor-element elementor-element-47b36a4 elementor-widget elementor-widget-heading\" data-id=\"47b36a4\" data-element_type=\"widget\" data-e-type=\"widget\" data-widget_type=\"heading.default\">\n\t\t\t\t\t<h2 class=\"elementor-heading-title elementor-size-default\"><strong><span style=\"color:#6FA73B\">System f\u00fcr die Zukunft des <\/span><span style=\"color:#1C93E3\">Gesundheitswesens<\/span><\/strong><\/h2>\t\t\t\t<\/div>\n\t\t\t\t<div class=\"elementor-element elementor-element-b8e7361 elementor-widget elementor-widget-text-editor\" data-id=\"b8e7361\" data-element_type=\"widget\" data-e-type=\"widget\" data-widget_type=\"text-editor.default\">\n\t\t\t\t\t\t\t\t\t<p>Lifehub stellt eine Weiterentwicklung in der Telemedizin dar und bietet ein modulares und skalierbares System, das sich sowohl an die gegenw\u00e4rtigen als auch an die zuk\u00fcnftigen Bed\u00fcrfnisse anpasst. Seine Flexibilit\u00e4t, Interoperabilit\u00e4t und F\u00e4higkeit, neue Technologien wie KI zu integrieren, gew\u00e4hrleisten eine qualitativ hochwertige medizinische Versorgung sowohl im klinischen Bereich als auch zu Hause. Lifehub ist die ideale L\u00f6sung, um medizinische Innovationen auf allen Ebenen des Gesundheitssystems voranzutreiben.  <\/p>\t\t\t\t\t\t\t\t<\/div>\n\t\t\t\t\t<\/div>\n\t\t\t\t<\/div>\n\t\t<div class=\"elementor-element elementor-element-c034e47 e-flex e-con-boxed e-con e-parent\" data-id=\"c034e47\" data-element_type=\"container\" data-e-type=\"container\">\n\t\t\t\t\t<div class=\"e-con-inner\">\n\t\t\t\t<div class=\"elementor-element elementor-element-d19229a elementor-align-center elementor-widget elementor-widget-the7_button_widget\" data-id=\"d19229a\" data-element_type=\"widget\" data-e-type=\"widget\" data-widget_type=\"the7_button_widget.default\">\n\t\t\t\t<div class=\"elementor-widget-container\">\n\t\t\t\t\t<div class=\"elementor-button-wrapper\"><a href=\"https:\/\/biodatadevices.com\/de\/telemedizinische-stationen\/\" class=\"box-button elementor-button elementor-size-lg\">TELEMEDIZINISCHE STATIONEN<\/a><\/div>\t\t\t\t<\/div>\n\t\t\t\t<\/div>\n\t\t\t\t\t<\/div>\n\t\t\t\t<\/div>\n\t\t\t\t<\/div>\n\t\t","protected":false},"excerpt":{"rendered":"<p>Modulare Innovation in der Telemedizin Die Lifehub-Architektur ist eine fortschrittliche Plattform, die entwickelt wurde, um flexible, skalierbare und leistungsstarke Telemedizinl\u00f6sungen anzubieten, die sich an die unterschiedlichen Bed\u00fcrfnisse des modernen Gesundheitswesens anpassen. Ihr modularer Ansatz bietet medizinischem Fachpersonal leistungsstarke technologische Werkzeuge f\u00fcr die \u00dcberwachung, Diagnose und Verwaltung klinischer Daten, unabh\u00e4ngig vom jeweiligen Patientenumfeld. Flexibilit\u00e4t und modulare&hellip;<\/p>\n","protected":false},"author":1,"featured_media":7196,"parent":0,"menu_order":60,"comment_status":"closed","ping_status":"closed","template":"","meta":{"footnotes":""},"class_list":["post-7195","page","type-page","status-publish","has-post-thumbnail","hentry"],"yoast_head":"<!-- This site is optimized with the Yoast SEO plugin v27.3 - https:\/\/yoast.com\/product\/yoast-seo-wordpress\/ -->\n<title>Lifehub-Architektur - Biodata Devices<\/title>\n<meta name=\"robots\" content=\"index, follow, max-snippet:-1, max-image-preview:large, max-video-preview:-1\" \/>\n<link rel=\"canonical\" href=\"https:\/\/biodatadevices.com\/de\/lifehub-architektur\/\" \/>\n<meta property=\"og:locale\" content=\"de_DE\" \/>\n<meta property=\"og:type\" content=\"article\" \/>\n<meta property=\"og:title\" content=\"Lifehub-Architektur - Biodata Devices\" \/>\n<meta property=\"og:description\" content=\"Modulare Innovation in der Telemedizin Die Lifehub-Architektur ist eine fortschrittliche Plattform, die entwickelt wurde, um flexible, skalierbare und leistungsstarke Telemedizinl\u00f6sungen anzubieten, die sich an die unterschiedlichen Bed\u00fcrfnisse des modernen Gesundheitswesens anpassen. Ihr modularer Ansatz bietet medizinischem Fachpersonal leistungsstarke technologische Werkzeuge f\u00fcr die \u00dcberwachung, Diagnose und Verwaltung klinischer Daten, unabh\u00e4ngig vom jeweiligen Patientenumfeld. Flexibilit\u00e4t und modulare&hellip;\" \/>\n<meta property=\"og:url\" content=\"https:\/\/biodatadevices.com\/de\/lifehub-architektur\/\" \/>\n<meta property=\"og:site_name\" content=\"Biodata Devices\" \/>\n<meta property=\"article:modified_time\" content=\"2026-01-20T16:43:05+00:00\" \/>\n<meta property=\"og:image\" content=\"https:\/\/biodatadevices.com\/wp-content\/uploads\/2024\/10\/banner-arquitectura-lifehub.webp\" \/>\n\t<meta property=\"og:image:width\" content=\"1920\" \/>\n\t<meta property=\"og:image:height\" content=\"480\" \/>\n\t<meta property=\"og:image:type\" content=\"image\/jpeg\" \/>\n<meta name=\"twitter:card\" content=\"summary_large_image\" \/>\n<meta name=\"twitter:site\" content=\"@BiodataDevices\" \/>\n<meta name=\"twitter:label1\" content=\"Gesch\u00e4tzte Lesezeit\" \/>\n\t<meta name=\"twitter:data1\" content=\"3\u00a0Minuten\" \/>\n<script type=\"application\/ld+json\" class=\"yoast-schema-graph\">{\"@context\":\"https:\\\/\\\/schema.org\",\"@graph\":[{\"@type\":\"WebPage\",\"@id\":\"https:\\\/\\\/biodatadevices.com\\\/de\\\/lifehub-architektur\\\/\",\"url\":\"https:\\\/\\\/biodatadevices.com\\\/de\\\/lifehub-architektur\\\/\",\"name\":\"Lifehub-Architektur - Biodata Devices\",\"isPartOf\":{\"@id\":\"https:\\\/\\\/biodatadevices.com\\\/de\\\/#website\"},\"primaryImageOfPage\":{\"@id\":\"https:\\\/\\\/biodatadevices.com\\\/de\\\/lifehub-architektur\\\/#primaryimage\"},\"image\":{\"@id\":\"https:\\\/\\\/biodatadevices.com\\\/de\\\/lifehub-architektur\\\/#primaryimage\"},\"thumbnailUrl\":\"https:\\\/\\\/biodatadevices.com\\\/wp-content\\\/uploads\\\/2024\\\/10\\\/banner-arquitectura-lifehub.webp\",\"datePublished\":\"2024-02-18T15:40:01+00:00\",\"dateModified\":\"2026-01-20T16:43:05+00:00\",\"breadcrumb\":{\"@id\":\"https:\\\/\\\/biodatadevices.com\\\/de\\\/lifehub-architektur\\\/#breadcrumb\"},\"inLanguage\":\"de\",\"potentialAction\":[{\"@type\":\"ReadAction\",\"target\":[\"https:\\\/\\\/biodatadevices.com\\\/de\\\/lifehub-architektur\\\/\"]}]},{\"@type\":\"ImageObject\",\"inLanguage\":\"de\",\"@id\":\"https:\\\/\\\/biodatadevices.com\\\/de\\\/lifehub-architektur\\\/#primaryimage\",\"url\":\"https:\\\/\\\/biodatadevices.com\\\/wp-content\\\/uploads\\\/2024\\\/10\\\/banner-arquitectura-lifehub.webp\",\"contentUrl\":\"https:\\\/\\\/biodatadevices.com\\\/wp-content\\\/uploads\\\/2024\\\/10\\\/banner-arquitectura-lifehub.webp\",\"width\":1920,\"height\":480},{\"@type\":\"BreadcrumbList\",\"@id\":\"https:\\\/\\\/biodatadevices.com\\\/de\\\/lifehub-architektur\\\/#breadcrumb\",\"itemListElement\":[{\"@type\":\"ListItem\",\"position\":1,\"name\":\"Portada\",\"item\":\"https:\\\/\\\/biodatadevices.com\\\/de\\\/\"},{\"@type\":\"ListItem\",\"position\":2,\"name\":\"Lifehub-Architektur\"}]},{\"@type\":\"WebSite\",\"@id\":\"https:\\\/\\\/biodatadevices.com\\\/de\\\/#website\",\"url\":\"https:\\\/\\\/biodatadevices.com\\\/de\\\/\",\"name\":\"Biodata Devices\",\"description\":\"\",\"publisher\":{\"@id\":\"https:\\\/\\\/biodatadevices.com\\\/de\\\/#organization\"},\"potentialAction\":[{\"@type\":\"SearchAction\",\"target\":{\"@type\":\"EntryPoint\",\"urlTemplate\":\"https:\\\/\\\/biodatadevices.com\\\/de\\\/?s={search_term_string}\"},\"query-input\":{\"@type\":\"PropertyValueSpecification\",\"valueRequired\":true,\"valueName\":\"search_term_string\"}}],\"inLanguage\":\"de\"},{\"@type\":\"Organization\",\"@id\":\"https:\\\/\\\/biodatadevices.com\\\/de\\\/#organization\",\"name\":\"Biodata Devices\",\"url\":\"https:\\\/\\\/biodatadevices.com\\\/de\\\/\",\"logo\":{\"@type\":\"ImageObject\",\"inLanguage\":\"de\",\"@id\":\"https:\\\/\\\/biodatadevices.com\\\/de\\\/#\\\/schema\\\/logo\\\/image\\\/\",\"url\":\"https:\\\/\\\/biodatadevices.com\\\/wp-content\\\/uploads\\\/2021\\\/12\\\/logo-biodata-devices.png\",\"contentUrl\":\"https:\\\/\\\/biodatadevices.com\\\/wp-content\\\/uploads\\\/2021\\\/12\\\/logo-biodata-devices.png\",\"width\":322,\"height\":245,\"caption\":\"Biodata Devices\"},\"image\":{\"@id\":\"https:\\\/\\\/biodatadevices.com\\\/de\\\/#\\\/schema\\\/logo\\\/image\\\/\"},\"sameAs\":[\"https:\\\/\\\/x.com\\\/BiodataDevices\",\"https:\\\/\\\/www.linkedin.com\\\/in\\\/biodata-devices\\\/\"]}]}<\/script>\n<!-- \/ Yoast SEO plugin. -->","yoast_head_json":{"title":"Lifehub-Architektur - Biodata Devices","robots":{"index":"index","follow":"follow","max-snippet":"max-snippet:-1","max-image-preview":"max-image-preview:large","max-video-preview":"max-video-preview:-1"},"canonical":"https:\/\/biodatadevices.com\/de\/lifehub-architektur\/","og_locale":"de_DE","og_type":"article","og_title":"Lifehub-Architektur - Biodata Devices","og_description":"Modulare Innovation in der Telemedizin Die Lifehub-Architektur ist eine fortschrittliche Plattform, die entwickelt wurde, um flexible, skalierbare und leistungsstarke Telemedizinl\u00f6sungen anzubieten, die sich an die unterschiedlichen Bed\u00fcrfnisse des modernen Gesundheitswesens anpassen. Ihr modularer Ansatz bietet medizinischem Fachpersonal leistungsstarke technologische Werkzeuge f\u00fcr die \u00dcberwachung, Diagnose und Verwaltung klinischer Daten, unabh\u00e4ngig vom jeweiligen Patientenumfeld. Flexibilit\u00e4t und modulare&hellip;","og_url":"https:\/\/biodatadevices.com\/de\/lifehub-architektur\/","og_site_name":"Biodata Devices","article_modified_time":"2026-01-20T16:43:05+00:00","og_image":[{"width":1920,"height":480,"url":"https:\/\/biodatadevices.com\/wp-content\/uploads\/2024\/10\/banner-arquitectura-lifehub.webp","type":"image\/jpeg"}],"twitter_card":"summary_large_image","twitter_site":"@BiodataDevices","twitter_misc":{"Gesch\u00e4tzte Lesezeit":"3\u00a0Minuten"},"schema":{"@context":"https:\/\/schema.org","@graph":[{"@type":"WebPage","@id":"https:\/\/biodatadevices.com\/de\/lifehub-architektur\/","url":"https:\/\/biodatadevices.com\/de\/lifehub-architektur\/","name":"Lifehub-Architektur - Biodata Devices","isPartOf":{"@id":"https:\/\/biodatadevices.com\/de\/#website"},"primaryImageOfPage":{"@id":"https:\/\/biodatadevices.com\/de\/lifehub-architektur\/#primaryimage"},"image":{"@id":"https:\/\/biodatadevices.com\/de\/lifehub-architektur\/#primaryimage"},"thumbnailUrl":"https:\/\/biodatadevices.com\/wp-content\/uploads\/2024\/10\/banner-arquitectura-lifehub.webp","datePublished":"2024-02-18T15:40:01+00:00","dateModified":"2026-01-20T16:43:05+00:00","breadcrumb":{"@id":"https:\/\/biodatadevices.com\/de\/lifehub-architektur\/#breadcrumb"},"inLanguage":"de","potentialAction":[{"@type":"ReadAction","target":["https:\/\/biodatadevices.com\/de\/lifehub-architektur\/"]}]},{"@type":"ImageObject","inLanguage":"de","@id":"https:\/\/biodatadevices.com\/de\/lifehub-architektur\/#primaryimage","url":"https:\/\/biodatadevices.com\/wp-content\/uploads\/2024\/10\/banner-arquitectura-lifehub.webp","contentUrl":"https:\/\/biodatadevices.com\/wp-content\/uploads\/2024\/10\/banner-arquitectura-lifehub.webp","width":1920,"height":480},{"@type":"BreadcrumbList","@id":"https:\/\/biodatadevices.com\/de\/lifehub-architektur\/#breadcrumb","itemListElement":[{"@type":"ListItem","position":1,"name":"Portada","item":"https:\/\/biodatadevices.com\/de\/"},{"@type":"ListItem","position":2,"name":"Lifehub-Architektur"}]},{"@type":"WebSite","@id":"https:\/\/biodatadevices.com\/de\/#website","url":"https:\/\/biodatadevices.com\/de\/","name":"Biodata Devices","description":"","publisher":{"@id":"https:\/\/biodatadevices.com\/de\/#organization"},"potentialAction":[{"@type":"SearchAction","target":{"@type":"EntryPoint","urlTemplate":"https:\/\/biodatadevices.com\/de\/?s={search_term_string}"},"query-input":{"@type":"PropertyValueSpecification","valueRequired":true,"valueName":"search_term_string"}}],"inLanguage":"de"},{"@type":"Organization","@id":"https:\/\/biodatadevices.com\/de\/#organization","name":"Biodata Devices","url":"https:\/\/biodatadevices.com\/de\/","logo":{"@type":"ImageObject","inLanguage":"de","@id":"https:\/\/biodatadevices.com\/de\/#\/schema\/logo\/image\/","url":"https:\/\/biodatadevices.com\/wp-content\/uploads\/2021\/12\/logo-biodata-devices.png","contentUrl":"https:\/\/biodatadevices.com\/wp-content\/uploads\/2021\/12\/logo-biodata-devices.png","width":322,"height":245,"caption":"Biodata Devices"},"image":{"@id":"https:\/\/biodatadevices.com\/de\/#\/schema\/logo\/image\/"},"sameAs":["https:\/\/x.com\/BiodataDevices","https:\/\/www.linkedin.com\/in\/biodata-devices\/"]}]}},"_links":{"self":[{"href":"https:\/\/biodatadevices.com\/de\/wp-json\/wp\/v2\/pages\/7195","targetHints":{"allow":["GET"]}}],"collection":[{"href":"https:\/\/biodatadevices.com\/de\/wp-json\/wp\/v2\/pages"}],"about":[{"href":"https:\/\/biodatadevices.com\/de\/wp-json\/wp\/v2\/types\/page"}],"author":[{"embeddable":true,"href":"https:\/\/biodatadevices.com\/de\/wp-json\/wp\/v2\/users\/1"}],"replies":[{"embeddable":true,"href":"https:\/\/biodatadevices.com\/de\/wp-json\/wp\/v2\/comments?post=7195"}],"version-history":[{"count":0,"href":"https:\/\/biodatadevices.com\/de\/wp-json\/wp\/v2\/pages\/7195\/revisions"}],"wp:featuredmedia":[{"embeddable":true,"href":"https:\/\/biodatadevices.com\/de\/wp-json\/wp\/v2\/media\/7196"}],"wp:attachment":[{"href":"https:\/\/biodatadevices.com\/de\/wp-json\/wp\/v2\/media?parent=7195"}],"curies":[{"name":"wp","href":"https:\/\/api.w.org\/{rel}","templated":true}]}}